{"id":151740,"date":"2022-10-17T15:47:32","date_gmt":"2025-06-30T14:47:53","guid":{"rendered":"https:\/\/kingarms.ee\/product\/riflescope-viper-hs-lr-6-24h5-sukurys\/"},"modified":"2025-06-30T17:47:53","modified_gmt":"2025-06-30T14:47:53","slug":"riflescope-viper-hs-lr-6-24h5-sukurys","status":"publish","type":"product","link":"https:\/\/kingarms.ee\/lt\/product\/riflescope-viper-hs-lr-6-24h5-sukurys\/","title":{"rendered":"Riflescope Viper HS LR 6-24h5 s\u016bkurys"},"content":{"rendered":"","protected":false},"excerpt":{"rendered":"<p>Riflescope Viper HS LR 6-24h5 s\u016bkurys<\/p>\n<p>\u0160is s\u016bkurinis Viper HST 6-24h50 \u0161autuvas su VMR-1 tinkleliu ir 1\/4 MOA bok\u0161telio reguliavimu Idealiai tinka daugeliui program\u0173, \u012fskaitant med\u017eiokl\u0119, \u0161audym\u0105 ir taktin\u012f. Features include vientisas 30mm apdirbti aliuminio vamzdis, atlaidus aki\u0173 d\u0117\u017eut\u0117, padid\u0117j\u0119s aki\u0173 reljefas, ypa\u010d ma\u017eos dispersijos stiklas, visi\u0161kai multi-coated l\u0119\u0161iai, r\u016bko \/ sm\u016bgiams i\u0161or\u0117s, sunku anoduotas apdaila, ArmorTek, veikiami taktinio stiliaus bok\u0161teliai, \u0161oninis fokusavimas, CRS zero stop, precison-force pavasario sistema, precision-glide erector sistema, MAG-per\u017ei\u016br\u0117ti optinio pluo\u0161to, spindulys baras, ir greitai fokusavimo okuliaras. <\/p>\n","protected":false},"featured_media":134275,"template":"","meta":{"_acf_changed":false},"product_brand":[],"product_cat":[1276],"product_tag":[],"class_list":{"0":"post-151740","1":"product","2":"type-product","3":"status-publish","4":"has-post-thumbnail","6":"product_cat-optiniai-taikiniai","8":"first","9":"onbackorder","10":"product-type-simple"},"acf":[],"_links":{"self":[{"href":"https:\/\/kingarms.ee\/lt\/wp-json\/wp\/v2\/product\/151740","targetHints":{"allow":["GET"]}}],"collection":[{"href":"https:\/\/kingarms.ee\/lt\/wp-json\/wp\/v2\/product"}],"about":[{"href":"https:\/\/kingarms.ee\/lt\/wp-json\/wp\/v2\/types\/product"}],"wp:featuredmedia":[{"embeddable":true,"href":"https:\/\/kingarms.ee\/lt\/wp-json\/wp\/v2\/media\/134275"}],"wp:attachment":[{"href":"https:\/\/kingarms.ee\/lt\/wp-json\/wp\/v2\/media?parent=151740"}],"wp:term":[{"taxonomy":"product_brand","embeddable":true,"href":"https:\/\/kingarms.ee\/lt\/wp-json\/wp\/v2\/product_brand?post=151740"},{"taxonomy":"product_cat","embeddable":true,"href":"https:\/\/kingarms.ee\/lt\/wp-json\/wp\/v2\/product_cat?post=151740"},{"taxonomy":"product_tag","embeddable":true,"href":"https:\/\/kingarms.ee\/lt\/wp-json\/wp\/v2\/product_tag?post=151740"}],"curies":[{"name":"wp","href":"https:\/\/api.w.org\/{rel}","templated":true}]}}