{"id":151741,"date":"2022-10-17T15:47:32","date_gmt":"2025-06-30T14:49:32","guid":{"rendered":"https:\/\/kingarms.ee\/product\/ziuronai-b-1-hd-12h50-leupold\/"},"modified":"2025-06-30T17:49:32","modified_gmt":"2025-06-30T14:49:32","slug":"ziuronai-b-1-hd-12h50-leupold","status":"publish","type":"product","link":"https:\/\/kingarms.ee\/lt\/product\/ziuronai-b-1-hd-12h50-leupold\/","title":{"rendered":"\u017di\u016bronai B-1 HD 12H50 Leupold"},"content":{"rendered":"","protected":false},"excerpt":{"rendered":"<p>\u017di\u016bronai B-1 HD 12H50 Leupold<\/p>\n<p>Leupold B-1 McKenzie HD 12H50 yra kelioniniai \u017ei\u016bronai su dideliu padidinimu stogo konfig\u016bracijoje, kurie d\u0117l kompakti\u0161kos, vandeniui atsparios konstrukcijos ir HD objektyv\u0173 puikiai tinka bet kokiai lauko veiklai.<br \/>\nLeupold 12\u2082 50 B-1 McKenzie HD yra populiarus kelioni\u0173 \u017ei\u016bronas, si\u016blantis puik\u0173 kainos ir kokyb\u0117s santyk\u012f!<br \/>\nModeliui b\u016bdinga didel\u0117 vaizdo skiriamoji geba ir ry\u0161kumas, kompakti\u0161kas ir vandeniui atsparus dizainas bei i\u0161skirtinis veikimas esant silpnam ap\u0161vietimui.<\/p>\n","protected":false},"featured_media":124454,"template":"","meta":{"_acf_changed":false},"product_brand":[],"product_cat":[1185],"product_tag":[],"class_list":{"0":"post-151741","1":"product","2":"type-product","3":"status-publish","4":"has-post-thumbnail","6":"product_cat-ziuronas","8":"first","9":"onbackorder","10":"product-type-simple"},"acf":[],"_links":{"self":[{"href":"https:\/\/kingarms.ee\/lt\/wp-json\/wp\/v2\/product\/151741","targetHints":{"allow":["GET"]}}],"collection":[{"href":"https:\/\/kingarms.ee\/lt\/wp-json\/wp\/v2\/product"}],"about":[{"href":"https:\/\/kingarms.ee\/lt\/wp-json\/wp\/v2\/types\/product"}],"wp:featuredmedia":[{"embeddable":true,"href":"https:\/\/kingarms.ee\/lt\/wp-json\/wp\/v2\/media\/124454"}],"wp:attachment":[{"href":"https:\/\/kingarms.ee\/lt\/wp-json\/wp\/v2\/media?parent=151741"}],"wp:term":[{"taxonomy":"product_brand","embeddable":true,"href":"https:\/\/kingarms.ee\/lt\/wp-json\/wp\/v2\/product_brand?post=151741"},{"taxonomy":"product_cat","embeddable":true,"href":"https:\/\/kingarms.ee\/lt\/wp-json\/wp\/v2\/product_cat?post=151741"},{"taxonomy":"product_tag","embeddable":true,"href":"https:\/\/kingarms.ee\/lt\/wp-json\/wp\/v2\/product_tag?post=151741"}],"curies":[{"name":"wp","href":"https:\/\/api.w.org\/{rel}","templated":true}]}}