{"id":151742,"date":"2022-10-17T15:47:32","date_gmt":"2025-06-30T14:50:59","guid":{"rendered":"https:\/\/kingarms.ee\/product\/diabolo-granules-nuo-uodu-4-5-500-umarekso\/"},"modified":"2025-06-30T17:50:59","modified_gmt":"2025-06-30T14:50:59","slug":"diabolo-granules-nuo-uodu-4-5-500-umarekso","status":"publish","type":"product","link":"https:\/\/kingarms.ee\/lt\/product\/diabolo-granules-nuo-uodu-4-5-500-umarekso\/","title":{"rendered":"Diabolo granul\u0117s nuo uod\u0173 4.5 \/ 500 Umarekso"},"content":{"rendered":"","protected":false},"excerpt":{"rendered":"<p>Diabolo granul\u0117s nuo uod\u0173 4.5 \/ 500 Umarekso<\/p>\n<p>Umarekso uod\u0173 briaunotos 4.5 \/ 500 diabolo granul\u0117s yra rai\u017eytos plok\u0161\u010dios granul\u0117s, skirtos pramoginiam \u0161audymui \u012f taikin\u012f ir treniruot\u0117ms.<br \/>\nPlok\u0161\u010dia galva pjauna tiksliai apvalias skylutes, o tai labai palengvina ta\u0161k\u0173 skai\u010diavim\u0105.<br \/>\nKnurled granul\u0117s geriausiai veikia senesniuose karabinuose su negili\u0173 si\u016bl\u0173 statin\u0117mis. \u0160\u016bvio mas\u0117 yra 0,48 g. <\/p>\n","protected":false},"featured_media":124466,"template":"","meta":{"_acf_changed":false},"product_brand":[],"product_cat":[1189],"product_tag":[],"class_list":{"0":"post-151742","1":"product","2":"type-product","3":"status-publish","4":"has-post-thumbnail","6":"product_cat-oro-pistoletas-4-5-mm","8":"first","9":"instock","10":"purchasable","11":"product-type-simple"},"acf":[],"_links":{"self":[{"href":"https:\/\/kingarms.ee\/lt\/wp-json\/wp\/v2\/product\/151742","targetHints":{"allow":["GET"]}}],"collection":[{"href":"https:\/\/kingarms.ee\/lt\/wp-json\/wp\/v2\/product"}],"about":[{"href":"https:\/\/kingarms.ee\/lt\/wp-json\/wp\/v2\/types\/product"}],"wp:featuredmedia":[{"embeddable":true,"href":"https:\/\/kingarms.ee\/lt\/wp-json\/wp\/v2\/media\/124466"}],"wp:attachment":[{"href":"https:\/\/kingarms.ee\/lt\/wp-json\/wp\/v2\/media?parent=151742"}],"wp:term":[{"taxonomy":"product_brand","embeddable":true,"href":"https:\/\/kingarms.ee\/lt\/wp-json\/wp\/v2\/product_brand?post=151742"},{"taxonomy":"product_cat","embeddable":true,"href":"https:\/\/kingarms.ee\/lt\/wp-json\/wp\/v2\/product_cat?post=151742"},{"taxonomy":"product_tag","embeddable":true,"href":"https:\/\/kingarms.ee\/lt\/wp-json\/wp\/v2\/product_tag?post=151742"}],"curies":[{"name":"wp","href":"https:\/\/api.w.org\/{rel}","templated":true}]}}