{"id":151743,"date":"2022-10-17T15:47:32","date_gmt":"2025-06-30T14:52:13","guid":{"rendered":"https:\/\/kingarms.ee\/product\/diabolo-granules-sakalas-4-5-500-umarekso\/"},"modified":"2025-06-30T17:52:13","modified_gmt":"2025-06-30T14:52:13","slug":"diabolo-granules-sakalas-4-5-500-umarekso","status":"publish","type":"product","link":"https:\/\/kingarms.ee\/lt\/product\/diabolo-granules-sakalas-4-5-500-umarekso\/","title":{"rendered":"Diabolo granul\u0117s \u0161akalas 4.5 \/ 500 Umarekso"},"content":{"rendered":"","protected":false},"excerpt":{"rendered":"<p>Diabolo granul\u0117s \u0161akalas 4.5 \/ 500 Umarekso<\/p>\n<p>D\u0117l puikaus \u012fsiskverbimo smail\u016bs kadrai yra skirti pramoginiam \u0161audymui ir gali b\u016bti naudojami &#8222;sunaikinti&#8221; \u012fvairi\u0173 tip\u0173 objektus, tokius kaip skardin\u0117s, buteliai, ir pataikyti \u012f reaktyvius taikinius.<br \/>\nPapildomas flan\u0161as ir sukimo griovelis suma\u017eina sl\u0117gio nuostolius ir padidina pradin\u012f \u0161\u016bvio greit\u012f.<\/p>\n","protected":false},"featured_media":124470,"template":"","meta":{"_acf_changed":false},"product_brand":[],"product_cat":[1189],"product_tag":[],"class_list":{"0":"post-151743","1":"product","2":"type-product","3":"status-publish","4":"has-post-thumbnail","6":"product_cat-oro-pistoletas-4-5-mm","8":"first","9":"onbackorder","10":"product-type-simple"},"acf":[],"_links":{"self":[{"href":"https:\/\/kingarms.ee\/lt\/wp-json\/wp\/v2\/product\/151743","targetHints":{"allow":["GET"]}}],"collection":[{"href":"https:\/\/kingarms.ee\/lt\/wp-json\/wp\/v2\/product"}],"about":[{"href":"https:\/\/kingarms.ee\/lt\/wp-json\/wp\/v2\/types\/product"}],"wp:featuredmedia":[{"embeddable":true,"href":"https:\/\/kingarms.ee\/lt\/wp-json\/wp\/v2\/media\/124470"}],"wp:attachment":[{"href":"https:\/\/kingarms.ee\/lt\/wp-json\/wp\/v2\/media?parent=151743"}],"wp:term":[{"taxonomy":"product_brand","embeddable":true,"href":"https:\/\/kingarms.ee\/lt\/wp-json\/wp\/v2\/product_brand?post=151743"},{"taxonomy":"product_cat","embeddable":true,"href":"https:\/\/kingarms.ee\/lt\/wp-json\/wp\/v2\/product_cat?post=151743"},{"taxonomy":"product_tag","embeddable":true,"href":"https:\/\/kingarms.ee\/lt\/wp-json\/wp\/v2\/product_tag?post=151743"}],"curies":[{"name":"wp","href":"https:\/\/api.w.org\/{rel}","templated":true}]}}