{"id":151744,"date":"2022-10-17T15:47:32","date_gmt":"2025-06-30T14:57:06","guid":{"rendered":"https:\/\/kingarms.ee\/product\/bipod-sulankstomas-recon-leapers\/"},"modified":"2025-06-30T17:57:06","modified_gmt":"2025-06-30T14:57:06","slug":"bipod-sulankstomas-recon-leapers","status":"publish","type":"product","link":"https:\/\/kingarms.ee\/lt\/product\/bipod-sulankstomas-recon-leapers\/","title":{"rendered":"Bipod Sulankstomas Recon Leapers"},"content":{"rendered":"","protected":false},"excerpt":{"rendered":"<p>Bipod Sulankstomas Recon Leapers<\/p>\n<p>Masyvios kojos gali b\u016bti u\u017efiksuotos 3 pad\u0117tyse,tod\u0117l bipodas puikiai tinka nelygiam gruntui. Kojos yra reguliuojamo auk\u0161\u010dio (5 gamykliniai nustatymai), nustatymo u\u017eraktas ir patogi sulankstymo sistema.<br \/>\nNor\u0117dami pakeisti auk\u0161t\u012f, tiesiog i\u0161tieskite p\u0117d\u0105 neatrakindami ar nespausdami jokio mygtuko. Gumin\u0117s p\u0117d\u0173 pagalv\u0117l\u0117s yra suprojektuotos taip, kad leist\u0173 stabiliai i\u0161d\u0117styti bipod\u0105 ant bet kokio pavir\u0161iaus.<br \/>\nBipod\u0105 galima montuoti dviem b\u016bdais, t. Y. ant Picatinny b\u0117gio arba \u0161autuvo vir\u0161aus (pridedamas adapteris).  <\/p>\n","protected":false},"featured_media":124436,"template":"","meta":{"_acf_changed":false},"product_brand":[],"product_cat":[1178,1177],"product_tag":[],"class_list":{"0":"post-151744","1":"product","2":"type-product","3":"status-publish","4":"has-post-thumbnail","6":"product_cat-bipodai","7":"product_cat-rankos-rankenos","9":"first","10":"instock","11":"purchasable","12":"product-type-simple"},"acf":[],"_links":{"self":[{"href":"https:\/\/kingarms.ee\/lt\/wp-json\/wp\/v2\/product\/151744","targetHints":{"allow":["GET"]}}],"collection":[{"href":"https:\/\/kingarms.ee\/lt\/wp-json\/wp\/v2\/product"}],"about":[{"href":"https:\/\/kingarms.ee\/lt\/wp-json\/wp\/v2\/types\/product"}],"wp:featuredmedia":[{"embeddable":true,"href":"https:\/\/kingarms.ee\/lt\/wp-json\/wp\/v2\/media\/124436"}],"wp:attachment":[{"href":"https:\/\/kingarms.ee\/lt\/wp-json\/wp\/v2\/media?parent=151744"}],"wp:term":[{"taxonomy":"product_brand","embeddable":true,"href":"https:\/\/kingarms.ee\/lt\/wp-json\/wp\/v2\/product_brand?post=151744"},{"taxonomy":"product_cat","embeddable":true,"href":"https:\/\/kingarms.ee\/lt\/wp-json\/wp\/v2\/product_cat?post=151744"},{"taxonomy":"product_tag","embeddable":true,"href":"https:\/\/kingarms.ee\/lt\/wp-json\/wp\/v2\/product_tag?post=151744"}],"curies":[{"name":"wp","href":"https:\/\/api.w.org\/{rel}","templated":true}]}}