{"id":151745,"date":"2022-10-17T15:47:32","date_gmt":"2025-06-30T14:58:12","guid":{"rendered":"https:\/\/kingarms.ee\/product\/glock-17-gen-4-smugis-atgal-glock\/"},"modified":"2025-06-30T17:58:12","modified_gmt":"2025-06-30T14:58:12","slug":"glock-17-gen-4-smugis-atgal-glock","status":"publish","type":"product","link":"https:\/\/kingarms.ee\/lt\/product\/glock-17-gen-4-smugis-atgal-glock\/","title":{"rendered":"Glock 17 gen 4 sm\u016bgis atgal Glock"},"content":{"rendered":"<p><img loading=\"lazy\" decoding=\"async\" class=\"alignnone size-full wp-image-148343\" src=\"https:\/\/kingarms.ee\/wp-content\/uploads\/2022\/10\/259bfe4ec3e7ce4487fac30ae67e17cf.jpeg\" alt=\"\" width=\"1000\" height=\"750\" srcset=\"https:\/\/kingarms.ee\/wp-content\/uploads\/2022\/10\/259bfe4ec3e7ce4487fac30ae67e17cf.jpeg 1000w, https:\/\/kingarms.ee\/wp-content\/uploads\/2022\/10\/259bfe4ec3e7ce4487fac30ae67e17cf-300x225.jpeg 300w, https:\/\/kingarms.ee\/wp-content\/uploads\/2022\/10\/259bfe4ec3e7ce4487fac30ae67e17cf-768x576.jpeg 768w, https:\/\/kingarms.ee\/wp-content\/uploads\/2022\/10\/259bfe4ec3e7ce4487fac30ae67e17cf-500x375.jpeg 500w, https:\/\/kingarms.ee\/wp-content\/uploads\/2022\/10\/259bfe4ec3e7ce4487fac30ae67e17cf-150x113.jpeg 150w\" sizes=\"auto, (max-width: 1000px) 100vw, 1000px\" \/><\/p>\n","protected":false},"excerpt":{"rendered":"<p>Glock 17 gen 4 sm\u016bgis atgal Glock<\/p>\n<p>Montavimo b\u0117gi\u0173 skai\u010dius 1<br \/>\nKalibras [mm] 4.46 mm<br \/>\nGalima montuoti<br \/>\nlazerinis taikiklis,<br \/>\n\u017eibintuv\u0117lis<br \/>\nAtsitraukimas ma\u017eas (iki 10 J)<br \/>\n\u017durnalo talpa [vnt] 18<br \/>\nPradinis greitis [m \/ s] 130<br \/>\nB\u0117gio tipas 22 mm<\/p>\n","protected":false},"featured_media":148347,"template":"","meta":{"_acf_changed":false},"product_brand":[],"product_cat":[1143],"product_tag":[],"class_list":{"0":"post-151745","1":"product","2":"type-product","3":"status-publish","4":"has-post-thumbnail","6":"product_cat-rankinis-ginklas","8":"first","9":"instock","10":"taxable","11":"shipping-taxable","12":"purchasable","13":"product-type-simple"},"acf":[],"_links":{"self":[{"href":"https:\/\/kingarms.ee\/lt\/wp-json\/wp\/v2\/product\/151745","targetHints":{"allow":["GET"]}}],"collection":[{"href":"https:\/\/kingarms.ee\/lt\/wp-json\/wp\/v2\/product"}],"about":[{"href":"https:\/\/kingarms.ee\/lt\/wp-json\/wp\/v2\/types\/product"}],"wp:featuredmedia":[{"embeddable":true,"href":"https:\/\/kingarms.ee\/lt\/wp-json\/wp\/v2\/media\/148347"}],"wp:attachment":[{"href":"https:\/\/kingarms.ee\/lt\/wp-json\/wp\/v2\/media?parent=151745"}],"wp:term":[{"taxonomy":"product_brand","embeddable":true,"href":"https:\/\/kingarms.ee\/lt\/wp-json\/wp\/v2\/product_brand?post=151745"},{"taxonomy":"product_cat","embeddable":true,"href":"https:\/\/kingarms.ee\/lt\/wp-json\/wp\/v2\/product_cat?post=151745"},{"taxonomy":"product_tag","embeddable":true,"href":"https:\/\/kingarms.ee\/lt\/wp-json\/wp\/v2\/product_tag?post=151745"}],"curies":[{"name":"wp","href":"https:\/\/api.w.org\/{rel}","templated":true}]}}