{"id":151766,"date":"2021-03-15T20:46:09","date_gmt":"2021-03-15T17:46:09","guid":{"rendered":"https:\/\/kingarms.ee\/product\/c1911s-crosman\/"},"modified":"2025-07-05T13:02:34","modified_gmt":"2025-07-05T10:02:34","slug":"c1911s-crosman","status":"publish","type":"product","link":"https:\/\/kingarms.ee\/lt\/product\/c1911s-crosman\/","title":{"rendered":"C1911S (\u201eCrosman\u201c)"},"content":{"rendered":"<p><img loading=\"lazy\" decoding=\"async\" class=\"alignnone size-medium wp-image-31755\" src=\"https:\/\/kingarms.ee\/wp-content\/uploads\/2021\/03\/C1911S.1-300x207.jpg\" alt=\"\" width=\"300\" height=\"207\" srcset=\"https:\/\/kingarms.ee\/wp-content\/uploads\/2021\/03\/C1911S.1-300x207.jpg 300w, https:\/\/kingarms.ee\/wp-content\/uploads\/2021\/03\/C1911S.1-150x103.jpg 150w, https:\/\/kingarms.ee\/wp-content\/uploads\/2021\/03\/C1911S.1-500x344.jpg 500w, https:\/\/kingarms.ee\/wp-content\/uploads\/2021\/03\/C1911S.1-1024x705.jpg 1024w, https:\/\/kingarms.ee\/wp-content\/uploads\/2021\/03\/C1911S.1-768x529.jpg 768w, https:\/\/kingarms.ee\/wp-content\/uploads\/2021\/03\/C1911S.1.jpg 1487w\" sizes=\"auto, (max-width: 300px) 100vw, 300px\" \/><\/p>\n","protected":false},"excerpt":{"rendered":"<p>C1911S (\u201eCrosman\u201c)<\/p>\n<p>Granuli\u0173 oro pistoletas Crosman C1911S yra su metalin\u0117mis rog\u0117mis ir plienine \u0161arvojimo sale, \u0161arvojimo sal\u0117 yra polimerizuota, su medin\u0117mis rankenomis su kvadratiniu ra\u0161tu geresniam sukibimui. Patogus nuimamas d\u0117klas suteikia prieig\u0105 prie CO2 cilindro ir talpina du besisukan\u010dius 6 \u0161\u016bvi\u0173 b\u016bgnus. Crosman C1911s granuli\u0173 \u016bgliai su oro \u0161autuv\u0173 kulkomis.  <\/p>\n<ul>\n<li>Kalibras: 4.5 mm (.177) oro \u0161autuvas kulkos (diabolo)<\/li>\n<li>Kalibras: 4,5 mm (.177) Oro pistoletai (diabolo)<\/li>\n<li>Pradinis greitis: 137 m \/ s.<\/li>\n<li>Plieno pistoletas gele\u017eies.<\/li>\n<li>Arba: 137 m\/s.<\/li>\n<li>Polimero korpusas.<\/li>\n<li>Trigeris: vieno veikimo.<\/li>\n<li>Priekinis matymas: fiksuotas.<\/li>\n<li>Rollback: fiksuotas \u012fpjova.<\/li>\n<li>Medin\u0117s rankenos.<\/li>\n<li>Atgal: fiksuota \u012fpjova.<\/li>\n<li>Pikkus: 203 mm.<\/li>\n<li>Kaal: 860 g.<\/li>\n<li>V\u00e4rv: h\u00f5be.<\/li>\n<\/ul>\n","protected":false},"featured_media":132142,"template":"","meta":{"_acf_changed":false},"product_brand":[],"product_cat":[1142,1143],"product_tag":[],"class_list":{"0":"post-151766","1":"product","2":"type-product","3":"status-publish","4":"has-post-thumbnail","6":"product_cat-oro-ginklai","7":"product_cat-rankinis-ginklas","9":"first","10":"instock","11":"taxable","12":"shipping-taxable","13":"purchasable","14":"product-type-simple"},"acf":[],"_links":{"self":[{"href":"https:\/\/kingarms.ee\/lt\/wp-json\/wp\/v2\/product\/151766","targetHints":{"allow":["GET"]}}],"collection":[{"href":"https:\/\/kingarms.ee\/lt\/wp-json\/wp\/v2\/product"}],"about":[{"href":"https:\/\/kingarms.ee\/lt\/wp-json\/wp\/v2\/types\/product"}],"wp:featuredmedia":[{"embeddable":true,"href":"https:\/\/kingarms.ee\/lt\/wp-json\/wp\/v2\/media\/132142"}],"wp:attachment":[{"href":"https:\/\/kingarms.ee\/lt\/wp-json\/wp\/v2\/media?parent=151766"}],"wp:term":[{"taxonomy":"product_brand","embeddable":true,"href":"https:\/\/kingarms.ee\/lt\/wp-json\/wp\/v2\/product_brand?post=151766"},{"taxonomy":"product_cat","embeddable":true,"href":"https:\/\/kingarms.ee\/lt\/wp-json\/wp\/v2\/product_cat?post=151766"},{"taxonomy":"product_tag","embeddable":true,"href":"https:\/\/kingarms.ee\/lt\/wp-json\/wp\/v2\/product_tag?post=151766"}],"curies":[{"name":"wp","href":"https:\/\/api.w.org\/{rel}","templated":true}]}}