{"id":151767,"date":"2021-03-15T20:20:51","date_gmt":"2025-07-05T10:02:52","guid":{"rendered":"https:\/\/kingarms.ee\/product\/apsaugine-kauke-multicam-3\/"},"modified":"2025-07-05T13:02:52","modified_gmt":"2025-07-05T10:02:52","slug":"apsaugine-kauke-multicam-3","status":"publish","type":"product","link":"https:\/\/kingarms.ee\/lt\/product\/apsaugine-kauke-multicam-3\/","title":{"rendered":"Apsaugin\u0117 Kauk\u0117-Multicam<br><br>"},"content":{"rendered":"<p><img loading=\"lazy\" decoding=\"async\" class=\"alignnone size-medium wp-image-31724\" src=\"https:\/\/kingarms.ee\/wp-content\/uploads\/2021\/03\/1152221763_2-300x200.jpg\" alt=\"\" width=\"300\" height=\"200\" srcset=\"https:\/\/kingarms.ee\/wp-content\/uploads\/2021\/03\/1152221763_2-300x200.jpg 300w, https:\/\/kingarms.ee\/wp-content\/uploads\/2021\/03\/1152221763_2-150x100.jpg 150w, https:\/\/kingarms.ee\/wp-content\/uploads\/2021\/03\/1152221763_2-500x333.jpg 500w, https:\/\/kingarms.ee\/wp-content\/uploads\/2021\/03\/1152221763_2-768x512.jpg 768w, https:\/\/kingarms.ee\/wp-content\/uploads\/2021\/03\/1152221763_2.jpg 800w\" sizes=\"auto, (max-width: 300px) 100vw, 300px\" \/><\/p>\n","protected":false},"excerpt":{"rendered":"<p>Apsaugin\u0117 Kauk\u0117-Multicam<\/p>\n<p>Apsaugin\u0119 kauk\u0119 galima pritvirtinti prie \u0161almo arba be \u0161almo (2in1)<\/p>\n<p>Kauk\u0117 pagaminta i\u0161 polimero ir nailono. Universali ir labai patogi apsaugin\u0117 kauk\u0117. <\/p>\n","protected":false},"featured_media":114010,"template":"","meta":{"_acf_changed":false},"product_brand":[],"product_cat":[1215],"product_tag":[],"class_list":{"0":"post-151767","1":"product","2":"type-product","3":"status-publish","4":"has-post-thumbnail","6":"product_cat-be-salmo-tvirtinimo","8":"first","9":"instock","10":"taxable","11":"shipping-taxable","12":"purchasable","13":"product-type-simple"},"acf":[],"_links":{"self":[{"href":"https:\/\/kingarms.ee\/lt\/wp-json\/wp\/v2\/product\/151767","targetHints":{"allow":["GET"]}}],"collection":[{"href":"https:\/\/kingarms.ee\/lt\/wp-json\/wp\/v2\/product"}],"about":[{"href":"https:\/\/kingarms.ee\/lt\/wp-json\/wp\/v2\/types\/product"}],"wp:featuredmedia":[{"embeddable":true,"href":"https:\/\/kingarms.ee\/lt\/wp-json\/wp\/v2\/media\/114010"}],"wp:attachment":[{"href":"https:\/\/kingarms.ee\/lt\/wp-json\/wp\/v2\/media?parent=151767"}],"wp:term":[{"taxonomy":"product_brand","embeddable":true,"href":"https:\/\/kingarms.ee\/lt\/wp-json\/wp\/v2\/product_brand?post=151767"},{"taxonomy":"product_cat","embeddable":true,"href":"https:\/\/kingarms.ee\/lt\/wp-json\/wp\/v2\/product_cat?post=151767"},{"taxonomy":"product_tag","embeddable":true,"href":"https:\/\/kingarms.ee\/lt\/wp-json\/wp\/v2\/product_tag?post=151767"}],"curies":[{"name":"wp","href":"https:\/\/api.w.org\/{rel}","templated":true}]}}