{"id":151774,"date":"2022-11-14T16:48:22","date_gmt":"2025-07-05T10:55:01","guid":{"rendered":"https:\/\/kingarms.ee\/product\/warfet-1-1-vartai\/"},"modified":"2025-07-05T13:55:01","modified_gmt":"2025-07-05T10:55:01","slug":"warfet-1-1-vartai","status":"publish","type":"product","link":"https:\/\/kingarms.ee\/lt\/product\/warfet-1-1-vartai\/","title":{"rendered":"\u201eWarfet 1.1\u201c vartai"},"content":{"rendered":"","protected":false},"excerpt":{"rendered":"<p>\u201eWarfet 1.1\u201c vartai<\/p>\n<p>\u012e komplekt\u0105 \u012feina:<br \/>\n&#8211; varfeto maitinimo modulis<br \/>\n&#8211; &#8211; &#8211; &#8211; tactical programmingcard<br \/>\n&#8211; &#8211; baterija mini tamiyaadapter<br \/>\n&#8211; AEG mini Tamiya adapteris<br \/>\n&#8211; Pora dean-T jungtys<br \/>\n&#8211; vieno gaiduko laidas<br \/>\n&#8211; dvigubas gaiduko laidas<br \/>\n&#8211; greito paleidimo vadovas<br \/>\npagrindin\u0117s savyb\u0117s:<br \/>\n&#8211; 3 kartos mosfet<br \/>\n&#8211; &#8211; konfig\u016bruojama fireselector<br \/>\n&#8211; Aktyvus stabdys<br \/>\n&#8211; pre-cocking<br \/>\n&#8211; &#8211; kontrol\u0117s<br \/>\n&#8211; protingas Gaidukas<br \/>\n&#8211; akumuliatoriaus apsauga<br \/>\n&#8211; elektroninis saugiklis<br \/>\n&#8211; i\u0161manusis saugiklis<br \/>\n&#8211; &#8211; tactical programmingcard<br \/>\n&#8211; plug &amp; play<br \/>\n&#8211; 1-5 sprogo<br \/>\n&#8211; debouncing<br \/>\n&#8211; integruotas savikontrol\u0117<br \/>\n&#8211; tamsus re\u017eimas<br \/>\n&#8211; sluoksnis<br \/>\n&#8211; laidinis<br \/>\n&#8211; dekanas-t pasiruo\u0161\u0119s<br \/>\n&#8211; mini-Tamiya adapteris<br \/>\n-14,8 V li-Po paruo\u0161tas<br \/>\n&#8211; greita prad\u017eia \u012ftraukta<\/p>\n","protected":false},"featured_media":125221,"template":"","meta":{"_acf_changed":false},"product_brand":[],"product_cat":[1221],"product_tag":[],"class_list":{"0":"post-151774","1":"product","2":"type-product","3":"status-publish","4":"has-post-thumbnail","6":"product_cat-gate-lt","8":"first","9":"onbackorder","10":"product-type-simple"},"acf":[],"_links":{"self":[{"href":"https:\/\/kingarms.ee\/lt\/wp-json\/wp\/v2\/product\/151774","targetHints":{"allow":["GET"]}}],"collection":[{"href":"https:\/\/kingarms.ee\/lt\/wp-json\/wp\/v2\/product"}],"about":[{"href":"https:\/\/kingarms.ee\/lt\/wp-json\/wp\/v2\/types\/product"}],"wp:featuredmedia":[{"embeddable":true,"href":"https:\/\/kingarms.ee\/lt\/wp-json\/wp\/v2\/media\/125221"}],"wp:attachment":[{"href":"https:\/\/kingarms.ee\/lt\/wp-json\/wp\/v2\/media?parent=151774"}],"wp:term":[{"taxonomy":"product_brand","embeddable":true,"href":"https:\/\/kingarms.ee\/lt\/wp-json\/wp\/v2\/product_brand?post=151774"},{"taxonomy":"product_cat","embeddable":true,"href":"https:\/\/kingarms.ee\/lt\/wp-json\/wp\/v2\/product_cat?post=151774"},{"taxonomy":"product_tag","embeddable":true,"href":"https:\/\/kingarms.ee\/lt\/wp-json\/wp\/v2\/product_tag?post=151774"}],"curies":[{"name":"wp","href":"https:\/\/api.w.org\/{rel}","templated":true}]}}