{"id":151775,"date":"2022-11-14T16:48:22","date_gmt":"2025-07-05T10:57:28","guid":{"rendered":"https:\/\/kingarms.ee\/product\/elektrinis-sautuvas-stubby-5-a-k\/"},"modified":"2025-07-05T13:57:28","modified_gmt":"2025-07-05T10:57:28","slug":"elektrinis-sautuvas-stubby-5-a-k","status":"publish","type":"product","link":"https:\/\/kingarms.ee\/lt\/product\/elektrinis-sautuvas-stubby-5-a-k\/","title":{"rendered":"Elektrinis \u0161autuvas Stubby-5 a &amp; k"},"content":{"rendered":"","protected":false},"excerpt":{"rendered":"<p>Elektrinis \u0161autuvas Stubby-5 a &amp; k<\/p>\n<p>metaliniai vir\u0161utiniai ir apatiniai imtuvai<br \/>\nmetalo hi-cap \u017eurnalas 150rounds<br \/>\natver\u010diami reguliuojami taikikliai<br \/>\npolimero vertikali rankena<br \/>\npolimerini\u0173 kran\u0173 atsargos<br \/>\nGaisro re\u017eimas: saugus, vienas \u0161\u016bvis ir sprogimas<br \/>\nilgis 655mm-720mm<br \/>\nsvoris 2750g<\/p>\n","protected":false},"featured_media":125473,"template":"","meta":{"_acf_changed":false},"product_brand":[],"product_cat":[1139],"product_tag":[],"class_list":{"0":"post-151775","1":"product","2":"type-product","3":"status-publish","4":"has-post-thumbnail","6":"product_cat-elektro-pneumatiniai-ginklai","8":"first","9":"onbackorder","10":"sale","11":"product-type-simple"},"acf":[],"_links":{"self":[{"href":"https:\/\/kingarms.ee\/lt\/wp-json\/wp\/v2\/product\/151775","targetHints":{"allow":["GET"]}}],"collection":[{"href":"https:\/\/kingarms.ee\/lt\/wp-json\/wp\/v2\/product"}],"about":[{"href":"https:\/\/kingarms.ee\/lt\/wp-json\/wp\/v2\/types\/product"}],"wp:featuredmedia":[{"embeddable":true,"href":"https:\/\/kingarms.ee\/lt\/wp-json\/wp\/v2\/media\/125473"}],"wp:attachment":[{"href":"https:\/\/kingarms.ee\/lt\/wp-json\/wp\/v2\/media?parent=151775"}],"wp:term":[{"taxonomy":"product_brand","embeddable":true,"href":"https:\/\/kingarms.ee\/lt\/wp-json\/wp\/v2\/product_brand?post=151775"},{"taxonomy":"product_cat","embeddable":true,"href":"https:\/\/kingarms.ee\/lt\/wp-json\/wp\/v2\/product_cat?post=151775"},{"taxonomy":"product_tag","embeddable":true,"href":"https:\/\/kingarms.ee\/lt\/wp-json\/wp\/v2\/product_tag?post=151775"}],"curies":[{"name":"wp","href":"https:\/\/api.w.org\/{rel}","templated":true}]}}