{"id":151779,"date":"2022-11-07T14:08:07","date_gmt":"2025-07-05T11:06:07","guid":{"rendered":"https:\/\/kingarms.ee\/product\/x3-saudymo-atlikimo-mokymo-sistema-mantis\/"},"modified":"2025-07-05T14:06:07","modified_gmt":"2025-07-05T11:06:07","slug":"x3-saudymo-atlikimo-mokymo-sistema-mantis","status":"publish","type":"product","link":"https:\/\/kingarms.ee\/lt\/product\/x3-saudymo-atlikimo-mokymo-sistema-mantis\/","title":{"rendered":"X3 \u0160audymo atlikimo mokymo sistema \u201eMantis\u201c"},"content":{"rendered":"","protected":false},"excerpt":{"rendered":"<p>X3 \u0160audymo atlikimo mokymo sistema \u201eMantis\u201c<\/p>\n<p>Pagrindiniai Manikso poky\u010diai 3 (palyginti su Mantis modeliu):<br \/>\n40% ma\u017eesni matmenys<br \/>\n50% lengvesnis svoris<br \/>\n3. ilgesnis darbo laikas<br \/>\n4 \u2464 greitesnis duomen\u0173 perdavimas<br \/>\nMantis 3 yra prietaisas, kuris, sumontuotas ant ilgo ar trumpo ginklo (ant 22 mm Picatinny b\u0117gio), analizuoja ginklo jud\u0117jimo diapazon\u0105, pa\u0161alindamas gaiduk\u0105, aptinka \u0161\u016bvio \u0161audym\u0105 ir ai\u0161kiai signalizuoja apie m\u016bs\u0173 \u0161audymo klaidas.<br \/>\nSistema u\u017efiksuoja m\u016bs\u0173 tr\u016bkumus ir pateikia verting\u0173 patarim\u0173, leid\u017eian\u010di\u0173 patobulinti m\u016bs\u0173 motorik\u0105 ir \u0161audymo technik\u0105. Mantisas yra asmeninis treneris, leid\u017eiantis treniruotis net namuose.<br \/>\nPrietaisas sinchronizuojamas ne su taikiniu, o su ginklu, ant kurio jis sumontuotas, o tai garantuoja auk\u0161\u010diausi\u0105 matavimo tikslum\u0105. Mantis-3 sistemos veikimui reikalingas i\u0161manusis telefonas \/ plan\u0161etinis kompiuteris su \u012fdiegta nemokama programa (atsisiun\u010diama Android ir IOS platformai).<br \/>\nMantis 3 yra veiksminga mokymo sistema tiek pradedantiesiems, tiek pa\u017eengusiems \u0161auliams.<\/p>\n","protected":false},"featured_media":125141,"template":"","meta":{"_acf_changed":false},"product_brand":[],"product_cat":[1162],"product_tag":[],"class_list":{"0":"post-151779","1":"product","2":"type-product","3":"status-publish","4":"has-post-thumbnail","6":"product_cat-saudymo-treniruotes","8":"first","9":"onbackorder","10":"sale","11":"product-type-simple"},"acf":[],"_links":{"self":[{"href":"https:\/\/kingarms.ee\/lt\/wp-json\/wp\/v2\/product\/151779","targetHints":{"allow":["GET"]}}],"collection":[{"href":"https:\/\/kingarms.ee\/lt\/wp-json\/wp\/v2\/product"}],"about":[{"href":"https:\/\/kingarms.ee\/lt\/wp-json\/wp\/v2\/types\/product"}],"wp:featuredmedia":[{"embeddable":true,"href":"https:\/\/kingarms.ee\/lt\/wp-json\/wp\/v2\/media\/125141"}],"wp:attachment":[{"href":"https:\/\/kingarms.ee\/lt\/wp-json\/wp\/v2\/media?parent=151779"}],"wp:term":[{"taxonomy":"product_brand","embeddable":true,"href":"https:\/\/kingarms.ee\/lt\/wp-json\/wp\/v2\/product_brand?post=151779"},{"taxonomy":"product_cat","embeddable":true,"href":"https:\/\/kingarms.ee\/lt\/wp-json\/wp\/v2\/product_cat?post=151779"},{"taxonomy":"product_tag","embeddable":true,"href":"https:\/\/kingarms.ee\/lt\/wp-json\/wp\/v2\/product_tag?post=151779"}],"curies":[{"name":"wp","href":"https:\/\/api.w.org\/{rel}","templated":true}]}}