{"id":151781,"date":"2022-10-17T15:47:21","date_gmt":"2025-07-05T11:46:52","guid":{"rendered":"https:\/\/kingarms.ee\/product\/klasikinis-lankas-93-cm-10-svaru-poelang\/"},"modified":"2025-07-05T14:46:52","modified_gmt":"2025-07-05T11:46:52","slug":"klasikinis-lankas-93-cm-10-svaru-poelang","status":"publish","type":"product","link":"https:\/\/kingarms.ee\/lt\/product\/klasikinis-lankas-93-cm-10-svaru-poelang\/","title":{"rendered":"Klasikinis lankas 93 cm 10 svar\u0173 [Poelang ]"},"content":{"rendered":"","protected":false},"excerpt":{"rendered":"<p>Klasikinis lankas 93 cm 10 svar\u0173 [Poelang ]<\/p>\n<p>Tradicinis \u017ev\u0117ri\u0173 Med\u017eiotojo lankas, pavadintas Kry\u017eiuo\u010diu, kurio svoris yra 10 svar\u0173. Jis tinka 9-12 met\u0173 am\u017eiaus pramoginiams ar pradedantiesiems lankininkams.<br \/>\nPakuot\u0117je rasite visk\u0105, ko reikia fotografavimui. <\/p>\n","protected":false},"featured_media":124530,"template":"","meta":{"_acf_changed":false},"product_brand":[],"product_cat":[1156,1151],"product_tag":[],"class_list":{"0":"post-151781","1":"product","2":"type-product","3":"status-publish","4":"has-post-thumbnail","6":"product_cat-lankai","7":"product_cat-lankai-ir-skersiniai","9":"first","10":"onbackorder","11":"product-type-simple"},"acf":[],"_links":{"self":[{"href":"https:\/\/kingarms.ee\/lt\/wp-json\/wp\/v2\/product\/151781","targetHints":{"allow":["GET"]}}],"collection":[{"href":"https:\/\/kingarms.ee\/lt\/wp-json\/wp\/v2\/product"}],"about":[{"href":"https:\/\/kingarms.ee\/lt\/wp-json\/wp\/v2\/types\/product"}],"wp:featuredmedia":[{"embeddable":true,"href":"https:\/\/kingarms.ee\/lt\/wp-json\/wp\/v2\/media\/124530"}],"wp:attachment":[{"href":"https:\/\/kingarms.ee\/lt\/wp-json\/wp\/v2\/media?parent=151781"}],"wp:term":[{"taxonomy":"product_brand","embeddable":true,"href":"https:\/\/kingarms.ee\/lt\/wp-json\/wp\/v2\/product_brand?post=151781"},{"taxonomy":"product_cat","embeddable":true,"href":"https:\/\/kingarms.ee\/lt\/wp-json\/wp\/v2\/product_cat?post=151781"},{"taxonomy":"product_tag","embeddable":true,"href":"https:\/\/kingarms.ee\/lt\/wp-json\/wp\/v2\/product_tag?post=151781"}],"curies":[{"name":"wp","href":"https:\/\/api.w.org\/{rel}","templated":true}]}}