{"id":151802,"date":"2022-10-03T16:15:09","date_gmt":"2025-07-05T12:00:59","guid":{"rendered":"https:\/\/kingarms.ee\/product\/dekorayvine-katana-6\/"},"modified":"2025-07-05T15:00:59","modified_gmt":"2025-07-05T12:00:59","slug":"dekorayvine-katana-6","status":"publish","type":"product","link":"https:\/\/kingarms.ee\/lt\/product\/dekorayvine-katana-6\/","title":{"rendered":"DeKORAYVIN\u0117 KATANA"},"content":{"rendered":"","protected":false},"excerpt":{"rendered":"<p>\u012fkv\u0117ptas mitsuri kanroji katana<br \/>\nanime serijos kisetsu no yaiba (demon slayer)<br \/>\nanglinio plieno a\u0161menys<br \/>\nmetalo tsuba<br \/>\nmedinis kotas ir rankena<br \/>\nbendras ilgis 970 mm (1030 mm su skiautele)<br \/>\nA\u0161men\u0173 ilgis 680mm<br \/>\ntsuka ilgis 280mm<br \/>\nsvoris 735g (950g su skiautele)<\/p>\n","protected":false},"featured_media":123798,"template":"","meta":{"_acf_changed":false},"product_brand":[],"product_cat":[1271],"product_tag":[],"class_list":{"0":"post-151802","1":"product","2":"type-product","3":"status-publish","4":"has-post-thumbnail","6":"product_cat-katana-tanto-lt","8":"first","9":"instock","10":"purchasable","11":"product-type-simple"},"acf":[],"_links":{"self":[{"href":"https:\/\/kingarms.ee\/lt\/wp-json\/wp\/v2\/product\/151802","targetHints":{"allow":["GET"]}}],"collection":[{"href":"https:\/\/kingarms.ee\/lt\/wp-json\/wp\/v2\/product"}],"about":[{"href":"https:\/\/kingarms.ee\/lt\/wp-json\/wp\/v2\/types\/product"}],"wp:featuredmedia":[{"embeddable":true,"href":"https:\/\/kingarms.ee\/lt\/wp-json\/wp\/v2\/media\/123798"}],"wp:attachment":[{"href":"https:\/\/kingarms.ee\/lt\/wp-json\/wp\/v2\/media?parent=151802"}],"wp:term":[{"taxonomy":"product_brand","embeddable":true,"href":"https:\/\/kingarms.ee\/lt\/wp-json\/wp\/v2\/product_brand?post=151802"},{"taxonomy":"product_cat","embeddable":true,"href":"https:\/\/kingarms.ee\/lt\/wp-json\/wp\/v2\/product_cat?post=151802"},{"taxonomy":"product_tag","embeddable":true,"href":"https:\/\/kingarms.ee\/lt\/wp-json\/wp\/v2\/product_tag?post=151802"}],"curies":[{"name":"wp","href":"https:\/\/api.w.org\/{rel}","templated":true}]}}