{"id":151806,"date":"2022-09-25T14:57:22","date_gmt":"2025-07-05T12:02:10","guid":{"rendered":"https:\/\/kingarms.ee\/product\/duju-sildytuvas-virykle\/"},"modified":"2025-07-05T15:02:10","modified_gmt":"2025-07-05T12:02:10","slug":"duju-sildytuvas-virykle","status":"publish","type":"product","link":"https:\/\/kingarms.ee\/lt\/product\/duju-sildytuvas-virykle\/","title":{"rendered":"Duj\u0173 \u0161ildytuvas\/virykl\u0117"},"content":{"rendered":"<p><img loading=\"lazy\" decoding=\"async\" class=\"alignnone size-medium wp-image-62034\" src=\"https:\/\/kingarms.ee\/wp-content\/uploads\/2022\/09\/33793-800x800-1-300x300.jpeg\" alt=\"\" width=\"300\" height=\"300\" srcset=\"https:\/\/kingarms.ee\/wp-content\/uploads\/2022\/09\/33793-800x800-1-300x300.jpeg 300w, https:\/\/kingarms.ee\/wp-content\/uploads\/2022\/09\/33793-800x800-1-150x150.jpeg 150w, https:\/\/kingarms.ee\/wp-content\/uploads\/2022\/09\/33793-800x800-1-768x768.jpeg 768w, https:\/\/kingarms.ee\/wp-content\/uploads\/2022\/09\/33793-800x800-1-500x500.jpeg 500w, https:\/\/kingarms.ee\/wp-content\/uploads\/2022\/09\/33793-800x800-1.jpeg 800w\" sizes=\"auto, (max-width: 300px) 100vw, 300px\" \/><\/p>\n","protected":false},"excerpt":{"rendered":"<p>Duj\u0173 \u0161ildytuvas\/virykl\u0117<\/p>\n<p>Nustatymai gali b\u016bti naudojami kaip \u0161ildytuvas, taip pat virykl\u0117.<\/p>\n<p>Puikiai tinka stovyklavimui ir kitai veiklai lauke!<br \/>\nDujinis \u0161ildytuvas su elektroniniu u\u017edegimu (duj\u0173 balionas)<br \/>\nreguliuojamas kaitinimo elementas<br \/>\nReguliuojamas pasvirimo kampas<br \/>\nelektroninis u\u017edegimas su rankena<br \/>\nApsaugin\u0117s grotel\u0117s<br \/>\nNaudokite tik lauke!<\/p>\n<p>informacija<br \/>\nSvoris: 2,3 kg<br \/>\nMatmenys: 30-20-27 cm<br \/>\nKaset\u0117s tipas: MSF &#8211; 1a (nepridedama)<br \/>\ndid\u017eiausia galia: 1,3 kv 100 g \/ h<br \/>\nSpalva: Juoda<\/p>\n","protected":false},"featured_media":131023,"template":"","meta":{"_acf_changed":false},"product_brand":[],"product_cat":[1263],"product_tag":[],"class_list":{"0":"post-151806","1":"product","2":"type-product","3":"status-publish","4":"has-post-thumbnail","6":"product_cat-kelioniu-prekes","8":"first","9":"instock","10":"sale","11":"taxable","12":"shipping-taxable","13":"purchasable","14":"product-type-simple"},"acf":[],"_links":{"self":[{"href":"https:\/\/kingarms.ee\/lt\/wp-json\/wp\/v2\/product\/151806","targetHints":{"allow":["GET"]}}],"collection":[{"href":"https:\/\/kingarms.ee\/lt\/wp-json\/wp\/v2\/product"}],"about":[{"href":"https:\/\/kingarms.ee\/lt\/wp-json\/wp\/v2\/types\/product"}],"wp:featuredmedia":[{"embeddable":true,"href":"https:\/\/kingarms.ee\/lt\/wp-json\/wp\/v2\/media\/131023"}],"wp:attachment":[{"href":"https:\/\/kingarms.ee\/lt\/wp-json\/wp\/v2\/media?parent=151806"}],"wp:term":[{"taxonomy":"product_brand","embeddable":true,"href":"https:\/\/kingarms.ee\/lt\/wp-json\/wp\/v2\/product_brand?post=151806"},{"taxonomy":"product_cat","embeddable":true,"href":"https:\/\/kingarms.ee\/lt\/wp-json\/wp\/v2\/product_cat?post=151806"},{"taxonomy":"product_tag","embeddable":true,"href":"https:\/\/kingarms.ee\/lt\/wp-json\/wp\/v2\/product_tag?post=151806"}],"curies":[{"name":"wp","href":"https:\/\/api.w.org\/{rel}","templated":true}]}}