{"id":151811,"date":"2020-06-01T16:20:00","date_gmt":"2020-06-01T13:20:00","guid":{"rendered":"https:\/\/kingarms.ee\/product\/fire-hawk-hc05-gg\/"},"modified":"2025-07-05T15:04:51","modified_gmt":"2025-07-05T12:04:51","slug":"fire-hawk-hc05-gg","status":"publish","type":"product","link":"https:\/\/kingarms.ee\/lt\/product\/fire-hawk-hc05-gg\/","title":{"rendered":"FIRE HAWK HC05 G&amp;G"},"content":{"rendered":"<p><a href=\"https:\/\/kingarms.ee\/wp-content\/uploads\/2020\/06\/gg-electric-rifle-fire-hawk-hc05-high-cycle-ggfh-hc-300x300.jpg\"><img loading=\"lazy\" decoding=\"async\" class=\"alignnone size-medium\" src=\"https:\/\/kingarms.ee\/wp-content\/uploads\/2020\/06\/gg-electric-rifle-fire-hawk-hc05-high-cycle-ggfh-hc-300x300.jpg\" alt=\"\" width=\"300\" height=\"300\"><\/a><\/p>\n","protected":false},"excerpt":{"rendered":"<p>FIRE HAWK HC05 G&amp;G<\/p>\n<p>Nauja auk\u0161to ciklo versija<br \/>\nUgnies greitis: 29 \u0161oviniai per sekund\u0119<br \/>\nNailono pluo\u0161to korpusas<br \/>\n300 \u0161ovini\u0173 \u017eurnalas<br \/>\nApver\u010diami taikikliai<\/p>\n<p>I\u0161traukiamos atsargos<\/p>\n<p>Gaisro re\u017eimas: saugus ir visi\u0161kai automatinis (pusiau automatinis \u0161ioje versijoje n\u0117ra)<br \/>\n18000 rpm auk\u0161to sukimo momento ilgos a\u0161ies variklis<br \/>\nSustiprintos pavaros ir bucking<br \/>\nPilnas plienini\u0173 dant\u0173 St\u016bmoklis<br \/>\n8mm keramin\u0117s \u012fvor\u0117s<br \/>\nReguliuojama metalin\u0117 apyni\u0173 kamera<br \/>\nRekomenduojama 11.1 v li-Po baterija (nepridedama)<br \/>\nIlgis 543mm-625mm<br \/>\nSvoris 2260g<br \/>\nJuoda spalva<\/p>\n<p>Baterija ir akumuliatoriaus \u012fkroviklis ne\u012fskai\u010diuoti<\/p>\n","protected":false},"featured_media":153307,"template":"","meta":{"_acf_changed":false},"product_brand":[],"product_cat":[1139],"product_tag":[1318],"class_list":{"0":"post-151811","1":"product","2":"type-product","3":"status-publish","4":"has-post-thumbnail","6":"product_cat-elektro-pneumatiniai-ginklai","7":"product_tag-4blss3ph-lt","9":"first","10":"onbackorder","11":"taxable","12":"shipping-taxable","13":"product-type-simple"},"acf":[],"_links":{"self":[{"href":"https:\/\/kingarms.ee\/lt\/wp-json\/wp\/v2\/product\/151811","targetHints":{"allow":["GET"]}}],"collection":[{"href":"https:\/\/kingarms.ee\/lt\/wp-json\/wp\/v2\/product"}],"about":[{"href":"https:\/\/kingarms.ee\/lt\/wp-json\/wp\/v2\/types\/product"}],"wp:featuredmedia":[{"embeddable":true,"href":"https:\/\/kingarms.ee\/lt\/wp-json\/wp\/v2\/media\/153307"}],"wp:attachment":[{"href":"https:\/\/kingarms.ee\/lt\/wp-json\/wp\/v2\/media?parent=151811"}],"wp:term":[{"taxonomy":"product_brand","embeddable":true,"href":"https:\/\/kingarms.ee\/lt\/wp-json\/wp\/v2\/product_brand?post=151811"},{"taxonomy":"product_cat","embeddable":true,"href":"https:\/\/kingarms.ee\/lt\/wp-json\/wp\/v2\/product_cat?post=151811"},{"taxonomy":"product_tag","embeddable":true,"href":"https:\/\/kingarms.ee\/lt\/wp-json\/wp\/v2\/product_tag?post=151811"}],"curies":[{"name":"wp","href":"https:\/\/api.w.org\/{rel}","templated":true}]}}