{"id":151812,"date":"2020-06-01T16:20:00","date_gmt":"2020-06-01T13:20:00","guid":{"rendered":"https:\/\/kingarms.ee\/product\/cm47-iws-etu-gg\/"},"modified":"2025-07-05T15:05:13","modified_gmt":"2025-07-05T12:05:13","slug":"cm47-iws-etu-gg","status":"publish","type":"product","link":"https:\/\/kingarms.ee\/lt\/product\/cm47-iws-etu-gg\/","title":{"rendered":"CM47 IWS ETU G&amp;G"},"content":{"rendered":"<p><a href=\"https:\/\/kingarms.ee\/wp-content\/uploads\/2020\/06\/gg-electric-rifle-cm47-iws-etu-gg-cm47-300x300.jpg\"><img loading=\"lazy\" decoding=\"async\" class=\"alignnone size-medium\" src=\"https:\/\/kingarms.ee\/wp-content\/uploads\/2020\/06\/gg-electric-rifle-cm47-iws-etu-gg-cm47-300x300.jpg\" alt=\"\" width=\"300\" height=\"300\"><\/a><\/p>\n","protected":false},"excerpt":{"rendered":"<p>CM47 G&amp;G<br \/>\nMetalinis 60 \u0161ovini\u0173 \u017eurnalas su \u017eemu dangteliu<br \/>\nPolimerinis apatinis imtuvas (med\u017eio imitacija, rankena ir rank\u0173 apsauga)<br \/>\nMetalin\u0117 statin\u0117, vir\u0161utinis imtuvas ir vidin\u0117s dalys<br \/>\nReguliuojami taikikliai<br \/>\nReguliuojamas \u0161uolis auk\u0161tyn<br \/>\nGaisro re\u017eimas: saugus, pusiau ir visi\u0161kai automatinis (konfig\u016bruojamas 3 raund\u0173 sprogimas)<br \/>\nDidelio sukimo momento trumposios a\u0161ies 18000 aps. \/ min variklis<br \/>\n6mm guoli\u0173 pavar\u0173 d\u0117\u017e\u0117<br \/>\nEtu ir mosfet<br \/>\nAkumuliatoriaus skyrius sand\u0117lyje<br \/>\nIlgis: 890mm<br \/>\nSvoris: 2240g<br \/>\nBaterija ir akumuliatoriaus \u012fkroviklis ne\u012fskai\u010diuoti<\/p>\n","protected":false},"featured_media":154734,"template":"","meta":{"_acf_changed":false},"product_brand":[],"product_cat":[1139],"product_tag":[1318],"class_list":{"0":"post-151812","1":"product","2":"type-product","3":"status-publish","4":"has-post-thumbnail","6":"product_cat-elektro-pneumatiniai-ginklai","7":"product_tag-4blss3ph-lt","9":"first","10":"onbackorder","11":"taxable","12":"shipping-taxable","13":"product-type-simple"},"acf":[],"_links":{"self":[{"href":"https:\/\/kingarms.ee\/lt\/wp-json\/wp\/v2\/product\/151812","targetHints":{"allow":["GET"]}}],"collection":[{"href":"https:\/\/kingarms.ee\/lt\/wp-json\/wp\/v2\/product"}],"about":[{"href":"https:\/\/kingarms.ee\/lt\/wp-json\/wp\/v2\/types\/product"}],"wp:featuredmedia":[{"embeddable":true,"href":"https:\/\/kingarms.ee\/lt\/wp-json\/wp\/v2\/media\/154734"}],"wp:attachment":[{"href":"https:\/\/kingarms.ee\/lt\/wp-json\/wp\/v2\/media?parent=151812"}],"wp:term":[{"taxonomy":"product_brand","embeddable":true,"href":"https:\/\/kingarms.ee\/lt\/wp-json\/wp\/v2\/product_brand?post=151812"},{"taxonomy":"product_cat","embeddable":true,"href":"https:\/\/kingarms.ee\/lt\/wp-json\/wp\/v2\/product_cat?post=151812"},{"taxonomy":"product_tag","embeddable":true,"href":"https:\/\/kingarms.ee\/lt\/wp-json\/wp\/v2\/product_tag?post=151812"}],"curies":[{"name":"wp","href":"https:\/\/api.w.org\/{rel}","templated":true}]}}