{"id":151819,"date":"2020-06-01T16:20:00","date_gmt":"2020-06-01T13:20:00","guid":{"rendered":"https:\/\/kingarms.ee\/product\/cm16-srl-gg\/"},"modified":"2025-07-05T15:18:25","modified_gmt":"2025-07-05T12:18:25","slug":"cm16-srl-gg","status":"publish","type":"product","link":"https:\/\/kingarms.ee\/lt\/product\/cm16-srl-gg\/","title":{"rendered":"CM16 SRL G&amp;G"},"content":{"rendered":"<p><a href=\"https:\/\/kingarms.ee\/wp-content\/uploads\/2020\/06\/gg-electric-rifle-cm16-srl-ggsrl-300x300.jpg\"><img loading=\"lazy\" decoding=\"async\" class=\"alignnone size-medium\" src=\"https:\/\/kingarms.ee\/wp-content\/uploads\/2020\/06\/gg-electric-rifle-cm16-srl-ggsrl-300x300.jpg\" alt=\"\" width=\"300\" height=\"300\"><\/a><\/p>\n","protected":false},"excerpt":{"rendered":"<p>CM16 SRL G &amp; amp; G<br \/>\nNailono pluo\u0161to korpusas<br \/>\nAliuminio keymod handguard<br \/>\n300 raund\u0173 \u017eurnalas<br \/>\nSulankstomi ir reguliuojami taikikliai<br \/>\nReguliuojamas hopup<br \/>\nMosfet ir etu<br \/>\n18000 rpm auk\u0161to sukimo momento ilgos a\u0161ies variklis<br \/>\nI\u0161traukiamos atsargos<br \/>\nIlgis 715mm-810mm<br \/>\nSvoris 229g<br \/>\nBaterija ir akumuliatoriaus \u012fkroviklis ne\u012fskai\u010diuoti<\/p>\n","protected":false},"featured_media":154876,"template":"","meta":{"_acf_changed":false},"product_brand":[],"product_cat":[1139],"product_tag":[1318],"class_list":{"0":"post-151819","1":"product","2":"type-product","3":"status-publish","4":"has-post-thumbnail","6":"product_cat-elektro-pneumatiniai-ginklai","7":"product_tag-4blss3ph-lt","9":"first","10":"onbackorder","11":"taxable","12":"shipping-taxable","13":"product-type-simple"},"acf":[],"_links":{"self":[{"href":"https:\/\/kingarms.ee\/lt\/wp-json\/wp\/v2\/product\/151819","targetHints":{"allow":["GET"]}}],"collection":[{"href":"https:\/\/kingarms.ee\/lt\/wp-json\/wp\/v2\/product"}],"about":[{"href":"https:\/\/kingarms.ee\/lt\/wp-json\/wp\/v2\/types\/product"}],"wp:featuredmedia":[{"embeddable":true,"href":"https:\/\/kingarms.ee\/lt\/wp-json\/wp\/v2\/media\/154876"}],"wp:attachment":[{"href":"https:\/\/kingarms.ee\/lt\/wp-json\/wp\/v2\/media?parent=151819"}],"wp:term":[{"taxonomy":"product_brand","embeddable":true,"href":"https:\/\/kingarms.ee\/lt\/wp-json\/wp\/v2\/product_brand?post=151819"},{"taxonomy":"product_cat","embeddable":true,"href":"https:\/\/kingarms.ee\/lt\/wp-json\/wp\/v2\/product_cat?post=151819"},{"taxonomy":"product_tag","embeddable":true,"href":"https:\/\/kingarms.ee\/lt\/wp-json\/wp\/v2\/product_tag?post=151819"}],"curies":[{"name":"wp","href":"https:\/\/api.w.org\/{rel}","templated":true}]}}