{"id":151820,"date":"2020-06-01T16:20:00","date_gmt":"2020-06-01T13:20:00","guid":{"rendered":"https:\/\/kingarms.ee\/product\/gc16-sr-cqb-gg\/"},"modified":"2025-07-05T15:18:38","modified_gmt":"2025-07-05T12:18:38","slug":"gc16-sr-cqb-gg","status":"publish","type":"product","link":"https:\/\/kingarms.ee\/lt\/product\/gc16-sr-cqb-gg\/","title":{"rendered":"GC16 SR CQB G&amp;G"},"content":{"rendered":"<p><a href=\"https:\/\/kingarms.ee\/wp-content\/uploads\/2020\/06\/gg-eletric-rifle-gc16-ecu-srs-m-ggsrs-m-300x300.jpg\"><img loading=\"lazy\" decoding=\"async\" class=\"alignnone size-medium\" src=\"https:\/\/kingarms.ee\/wp-content\/uploads\/2020\/06\/gg-eletric-rifle-gc16-ecu-srs-m-ggsrs-m-300x300.jpg\" alt=\"\" width=\"300\" height=\"300\"><\/a><\/p>\n","protected":false},"excerpt":{"rendered":"<p>GC16 SR CQB G&amp;G<\/p>\n<p>Metalinis korpusas<br \/>\nAliuminio keymod ris 7 coli\u0173<br \/>\nGmag-v1 hi-cap 300 raund\u0173 \u017eurnalas<br \/>\nAbs flash hider<br \/>\nI\u0161traukiamas kranas goes-v3 atsargos su papildoma saugojimo vieta<br \/>\nReguliuojami atver\u010diami taikikliai<br \/>\nBicurious \u017eurnalas sugauti mygtuk\u0105<br \/>\nReguliuojamas \u0161uolis auk\u0161tyn<br \/>\nMosfet ir etu<br \/>\nSaugos u\u017eraktas, vienas \u0161\u016bvis ir sprogimas (galima nustatyti 3 raund\u0173 sprogim\u0105)<br \/>\n25000 aps. \/ min hi-sukimo momento ilgoji a\u0161is<br \/>\nIlgis 660-750mm<br \/>\nSvoris 2600g<br \/>\nJuoda spalva<br \/>\nBaterija ir akumuliatoriaus \u012fkroviklis ne\u012fskai\u010diuoti<\/p>\n","protected":false},"featured_media":154903,"template":"","meta":{"_acf_changed":false},"product_brand":[],"product_cat":[1139],"product_tag":[1318],"class_list":{"0":"post-151820","1":"product","2":"type-product","3":"status-publish","4":"has-post-thumbnail","6":"product_cat-elektro-pneumatiniai-ginklai","7":"product_tag-4blss3ph-lt","9":"first","10":"onbackorder","11":"taxable","12":"shipping-taxable","13":"product-type-simple"},"acf":[],"_links":{"self":[{"href":"https:\/\/kingarms.ee\/lt\/wp-json\/wp\/v2\/product\/151820","targetHints":{"allow":["GET"]}}],"collection":[{"href":"https:\/\/kingarms.ee\/lt\/wp-json\/wp\/v2\/product"}],"about":[{"href":"https:\/\/kingarms.ee\/lt\/wp-json\/wp\/v2\/types\/product"}],"wp:featuredmedia":[{"embeddable":true,"href":"https:\/\/kingarms.ee\/lt\/wp-json\/wp\/v2\/media\/154903"}],"wp:attachment":[{"href":"https:\/\/kingarms.ee\/lt\/wp-json\/wp\/v2\/media?parent=151820"}],"wp:term":[{"taxonomy":"product_brand","embeddable":true,"href":"https:\/\/kingarms.ee\/lt\/wp-json\/wp\/v2\/product_brand?post=151820"},{"taxonomy":"product_cat","embeddable":true,"href":"https:\/\/kingarms.ee\/lt\/wp-json\/wp\/v2\/product_cat?post=151820"},{"taxonomy":"product_tag","embeddable":true,"href":"https:\/\/kingarms.ee\/lt\/wp-json\/wp\/v2\/product_tag?post=151820"}],"curies":[{"name":"wp","href":"https:\/\/api.w.org\/{rel}","templated":true}]}}