{"id":151824,"date":"2020-06-01T16:20:00","date_gmt":"2020-06-01T13:20:00","guid":{"rendered":"https:\/\/kingarms.ee\/product\/gmg42-gg\/"},"modified":"2025-07-05T15:21:34","modified_gmt":"2025-07-05T12:21:34","slug":"gmg42-gg","status":"publish","type":"product","link":"https:\/\/kingarms.ee\/lt\/product\/gmg42-gg\/","title":{"rendered":"GMG42 G&amp;G"},"content":{"rendered":"<p><a href=\"https:\/\/kingarms.ee\/wp-content\/uploads\/2020\/06\/gg-electric-rifle-gmg42-gg-gmg42-300x300.jpg\"><img loading=\"lazy\" decoding=\"async\" class=\"alignnone size-medium\" src=\"https:\/\/kingarms.ee\/wp-content\/uploads\/2020\/06\/gg-electric-rifle-gmg42-gg-gmg42-300x300.jpg\" alt=\"\" width=\"300\" height=\"300\"><\/a><\/p>\n","protected":false},"excerpt":{"rendered":"<p>GMG42 G&amp;G<\/p>\n<p>Mg 42-mas\u010dinengevero 42 kopija (Antrasis pasaulinis karas)<br \/>\nVisas metalas su tikra med\u017eio rankena ir atsargomis<br \/>\n1700 raund\u0173 elektrinis automatinio vyniojimo b\u016bgno \u017eurnalas<br \/>\nVisi\u0161kai metalinis Reguliuojamas ir sulankstomas bipodas<br \/>\nApver\u010diamas priekinis vaizdas<br \/>\nReguliuojamas galinis vaizdas<\/p>\n<p>Greitai kei\u010diama i\u0161orin\u0117 statin\u0117<br \/>\nGreitai nuimama pavar\u0173 d\u0117\u017e\u0117<br \/>\nReguliuojamas \u0161uolis auk\u0161tyn<br \/>\nRealisti\u0161ka \u012fkrovimo rankena<br \/>\nGaisro re\u017eimas: saugumas, visi\u0161kai automatinis<br \/>\n\u012etraukta netikr\u0173 kulk\u0173 grandin\u0117<br \/>\nDidelio sukimo momento ilgos a\u0161ies 25000 aps. \/ min variklis<br \/>\n10mm \u017ealvario \u012fvor\u0117s pavar\u0173 d\u0117\u017e\u0117<br \/>\nIlgis 1230mm<br \/>\nSvoris 10000g<br \/>\nBaterija ir akumuliatoriaus \u012fkroviklis ne\u012fskai\u010diuoti<\/p>\n","protected":false},"featured_media":155019,"template":"","meta":{"_acf_changed":false},"product_brand":[],"product_cat":[1139],"product_tag":[1318],"class_list":{"0":"post-151824","1":"product","2":"type-product","3":"status-publish","4":"has-post-thumbnail","6":"product_cat-elektro-pneumatiniai-ginklai","7":"product_tag-4blss3ph-lt","9":"first","10":"onbackorder","11":"taxable","12":"shipping-taxable","13":"product-type-simple"},"acf":[],"_links":{"self":[{"href":"https:\/\/kingarms.ee\/lt\/wp-json\/wp\/v2\/product\/151824","targetHints":{"allow":["GET"]}}],"collection":[{"href":"https:\/\/kingarms.ee\/lt\/wp-json\/wp\/v2\/product"}],"about":[{"href":"https:\/\/kingarms.ee\/lt\/wp-json\/wp\/v2\/types\/product"}],"wp:featuredmedia":[{"embeddable":true,"href":"https:\/\/kingarms.ee\/lt\/wp-json\/wp\/v2\/media\/155019"}],"wp:attachment":[{"href":"https:\/\/kingarms.ee\/lt\/wp-json\/wp\/v2\/media?parent=151824"}],"wp:term":[{"taxonomy":"product_brand","embeddable":true,"href":"https:\/\/kingarms.ee\/lt\/wp-json\/wp\/v2\/product_brand?post=151824"},{"taxonomy":"product_cat","embeddable":true,"href":"https:\/\/kingarms.ee\/lt\/wp-json\/wp\/v2\/product_cat?post=151824"},{"taxonomy":"product_tag","embeddable":true,"href":"https:\/\/kingarms.ee\/lt\/wp-json\/wp\/v2\/product_tag?post=151824"}],"curies":[{"name":"wp","href":"https:\/\/api.w.org\/{rel}","templated":true}]}}