{"id":151827,"date":"2020-06-01T16:20:00","date_gmt":"2020-06-01T13:20:00","guid":{"rendered":"https:\/\/kingarms.ee\/product\/prk9-rts-gg\/"},"modified":"2025-07-05T15:22:31","modified_gmt":"2025-07-05T12:22:31","slug":"prk9-rts-gg","status":"publish","type":"product","link":"https:\/\/kingarms.ee\/lt\/product\/prk9-rts-gg\/","title":{"rendered":"PRK9 RTS G&amp;G"},"content":{"rendered":"<p><a href=\"https:\/\/kingarms.ee\/wp-content\/uploads\/2020\/06\/gg-electric-rifle-prk9-rts-gg-prk9rts-300x300.jpg\"><img loading=\"lazy\" decoding=\"async\" class=\"alignnone size-medium\" src=\"https:\/\/kingarms.ee\/wp-content\/uploads\/2020\/06\/gg-electric-rifle-prk9-rts-gg-prk9rts-300x300.jpg\" alt=\"\" width=\"300\" height=\"300\"><\/a><\/p>\n","protected":false},"excerpt":{"rendered":"<p>Parkas 9 RTS G &amp; amp; G<br \/>\n\u017demo dangtelio 40 raund\u0173 \u017eurnalas<br \/>\nPilnas metalas<br \/>\nReguliuojami taikikliai<br \/>\nI\u0161traukiamos ir sulankstomos atsargos<br \/>\nEtu ir mosfet<br \/>\nStiprus 25000 aps \/ min variklis<br \/>\n8mm guolis<br \/>\nAkumuliatoriaus skyrius vir\u0161utinio imtuvo viduje<br \/>\nGaisro re\u017eimas: saugus, pusiau ir visi\u0161kai automatinis (konfig\u016bruojamas 3 raund\u0173 sprogimas)<br \/>\nIlgis: 557mm<br \/>\nSvoris: 2580g<br \/>\nBaterija ir akumuliatoriaus \u012fkroviklis ne\u012fskai\u010diuoti<\/p>\n","protected":false},"featured_media":154959,"template":"","meta":{"_acf_changed":false},"product_brand":[],"product_cat":[1139],"product_tag":[1318],"class_list":{"0":"post-151827","1":"product","2":"type-product","3":"status-publish","4":"has-post-thumbnail","6":"product_cat-elektro-pneumatiniai-ginklai","7":"product_tag-4blss3ph-lt","9":"first","10":"onbackorder","11":"taxable","12":"shipping-taxable","13":"product-type-simple"},"acf":[],"_links":{"self":[{"href":"https:\/\/kingarms.ee\/lt\/wp-json\/wp\/v2\/product\/151827","targetHints":{"allow":["GET"]}}],"collection":[{"href":"https:\/\/kingarms.ee\/lt\/wp-json\/wp\/v2\/product"}],"about":[{"href":"https:\/\/kingarms.ee\/lt\/wp-json\/wp\/v2\/types\/product"}],"wp:featuredmedia":[{"embeddable":true,"href":"https:\/\/kingarms.ee\/lt\/wp-json\/wp\/v2\/media\/154959"}],"wp:attachment":[{"href":"https:\/\/kingarms.ee\/lt\/wp-json\/wp\/v2\/media?parent=151827"}],"wp:term":[{"taxonomy":"product_brand","embeddable":true,"href":"https:\/\/kingarms.ee\/lt\/wp-json\/wp\/v2\/product_brand?post=151827"},{"taxonomy":"product_cat","embeddable":true,"href":"https:\/\/kingarms.ee\/lt\/wp-json\/wp\/v2\/product_cat?post=151827"},{"taxonomy":"product_tag","embeddable":true,"href":"https:\/\/kingarms.ee\/lt\/wp-json\/wp\/v2\/product_tag?post=151827"}],"curies":[{"name":"wp","href":"https:\/\/api.w.org\/{rel}","templated":true}]}}