{"id":151831,"date":"2020-06-01T16:20:00","date_gmt":"2020-06-01T13:20:00","guid":{"rendered":"https:\/\/kingarms.ee\/product\/sr30-m-lok-g-amp-g\/"},"modified":"2025-07-05T15:24:55","modified_gmt":"2025-07-05T12:24:55","slug":"sr30-m-lok-g-amp-g","status":"publish","type":"product","link":"https:\/\/kingarms.ee\/lt\/product\/sr30-m-lok-g-amp-g\/","title":{"rendered":"SR30 M LOK G &amp; amp; G<br><br>"},"content":{"rendered":"<p><a href=\"https:\/\/kingarms.ee\/wp-content\/uploads\/2020\/06\/gg-electric-rifle-sr30-m-lok-gg-sr30-300x300.jpg\"><img loading=\"lazy\" decoding=\"async\" class=\"alignnone size-medium\" src=\"https:\/\/kingarms.ee\/wp-content\/uploads\/2020\/06\/gg-electric-rifle-sr30-m-lok-gg-sr30-300x300.jpg\" alt=\"\" width=\"300\" height=\"300\"><\/a><\/p>\n","protected":false},"excerpt":{"rendered":"<p>SR30 M LOK G &amp; amp; G<\/p>\n<p>Elektrinis \u0161autuvas sr30 M-lok<\/p>\n<p>Riterio ginkluot\u0117 licencijuota<\/p>\n<p>Metalinis vir\u0161utinis ir apatinis imtuvas<\/p>\n<p>90 raund\u0173 ma\u017eo dangtelio \u017eurnalas<\/p>\n<p>Aliuminio M-lok handguard<\/p>\n<p>Apver\u010diami taikikliai<\/p>\n<p>Krano i\u0161traukiamos atsargos<\/p>\n<p>AC \/ DC gaisro selektori\u0173 ir \u017eurnalo atleidimo mygtuk\u0105<\/p>\n<p>Gaisro re\u017eimas: saugus, vienas \u0161\u016bvis ir sprogimas (galima nustatyti 3 arba 5 raund\u0173 burtus)<\/p>\n<p>G2 mosfet ir etu<\/p>\n<p>G2 pavar\u0173 d\u0117\u017e\u0117 su 8 mm guoliais<\/p>\n<p>25000rmp ilgas variklis<\/p>\n<p>Reguliuojamas \u0161uolis auk\u0161tyn<\/p>\n<p>Ilgis: 670-780mm<br \/>\nSvoris: 2750g<br \/>\nJuoda spalva<br \/>\nBaterija ir akumuliatoriaus \u012fkroviklis ne\u012fskai\u010diuoti<\/p>\n","protected":false},"featured_media":154911,"template":"","meta":{"_acf_changed":false},"product_brand":[],"product_cat":[1139],"product_tag":[1318],"class_list":{"0":"post-151831","1":"product","2":"type-product","3":"status-publish","4":"has-post-thumbnail","6":"product_cat-elektro-pneumatiniai-ginklai","7":"product_tag-4blss3ph-lt","9":"first","10":"onbackorder","11":"taxable","12":"shipping-taxable","13":"product-type-simple"},"acf":[],"_links":{"self":[{"href":"https:\/\/kingarms.ee\/lt\/wp-json\/wp\/v2\/product\/151831","targetHints":{"allow":["GET"]}}],"collection":[{"href":"https:\/\/kingarms.ee\/lt\/wp-json\/wp\/v2\/product"}],"about":[{"href":"https:\/\/kingarms.ee\/lt\/wp-json\/wp\/v2\/types\/product"}],"wp:featuredmedia":[{"embeddable":true,"href":"https:\/\/kingarms.ee\/lt\/wp-json\/wp\/v2\/media\/154911"}],"wp:attachment":[{"href":"https:\/\/kingarms.ee\/lt\/wp-json\/wp\/v2\/media?parent=151831"}],"wp:term":[{"taxonomy":"product_brand","embeddable":true,"href":"https:\/\/kingarms.ee\/lt\/wp-json\/wp\/v2\/product_brand?post=151831"},{"taxonomy":"product_cat","embeddable":true,"href":"https:\/\/kingarms.ee\/lt\/wp-json\/wp\/v2\/product_cat?post=151831"},{"taxonomy":"product_tag","embeddable":true,"href":"https:\/\/kingarms.ee\/lt\/wp-json\/wp\/v2\/product_tag?post=151831"}],"curies":[{"name":"wp","href":"https:\/\/api.w.org\/{rel}","templated":true}]}}