{"id":151833,"date":"2020-06-01T16:20:00","date_gmt":"2020-06-01T13:20:00","guid":{"rendered":"https:\/\/kingarms.ee\/product\/tr16-sbr-308-mk-1-gg\/"},"modified":"2025-07-05T15:28:02","modified_gmt":"2025-07-05T12:28:02","slug":"tr16-sbr-308-mk-1-gg","status":"publish","type":"product","link":"https:\/\/kingarms.ee\/lt\/product\/tr16-sbr-308-mk-1-gg\/","title":{"rendered":"TR16 SBR 308 MK 1 G&amp;G"},"content":{"rendered":"<p><a href=\"https:\/\/kingarms.ee\/wp-content\/uploads\/2020\/06\/gg-electric-rifle-tr16-sbr-308-mk-i-gg-308mk1-300x300.jpg\"><img loading=\"lazy\" decoding=\"async\" class=\"alignnone size-medium\" src=\"https:\/\/kingarms.ee\/wp-content\/uploads\/2020\/06\/gg-electric-rifle-tr16-sbr-308-mk-i-gg-308mk1-300x300.jpg\" alt=\"\" width=\"300\" height=\"300\"><\/a><\/p>\n","protected":false},"excerpt":{"rendered":"<p>TR16 SBR 308 MK 1 G&amp;G<\/p>\n<p>\u017demo dangtelio polimerinis 40 raund\u0173 \u017eurnalas<br \/>\nMetalo rank\u0173 apsauga ir imtuvai<br \/>\nI\u0161traukiama polimer\u0173 atsargos<br \/>\nAtver\u010diami reguliuojami taikikliai<br \/>\nReguliuojamas \u0161uolis auk\u0161tyn<\/p>\n<p>G2 sistema<br \/>\nStiprus 25000 aps \/ min variklis<br \/>\n8mm guolis<br \/>\nEtu ir mosfet<br \/>\nGaisro re\u017eimas: saugus, pusiau ir visi\u0161kai automatinis (konfig\u016bruojamas 3 raund\u0173 sprogimas)<br \/>\nAkumuliatoriaus skyrius atsarg\u0173 vamzd\u017eio viduje<br \/>\nSvoris 2200g<br \/>\nIlgis: 760mm-820mm<br \/>\nJuoda spalva<br \/>\nBaterija ir akumuliatoriaus \u012fkroviklis ne\u012fskai\u010diuoti<\/p>\n","protected":false},"featured_media":153265,"template":"","meta":{"_acf_changed":false},"product_brand":[],"product_cat":[1139],"product_tag":[1318],"class_list":{"0":"post-151833","1":"product","2":"type-product","3":"status-publish","4":"has-post-thumbnail","6":"product_cat-elektro-pneumatiniai-ginklai","7":"product_tag-4blss3ph-lt","9":"first","10":"instock","11":"sale","12":"taxable","13":"shipping-taxable","14":"purchasable","15":"product-type-simple"},"acf":[],"_links":{"self":[{"href":"https:\/\/kingarms.ee\/lt\/wp-json\/wp\/v2\/product\/151833","targetHints":{"allow":["GET"]}}],"collection":[{"href":"https:\/\/kingarms.ee\/lt\/wp-json\/wp\/v2\/product"}],"about":[{"href":"https:\/\/kingarms.ee\/lt\/wp-json\/wp\/v2\/types\/product"}],"wp:featuredmedia":[{"embeddable":true,"href":"https:\/\/kingarms.ee\/lt\/wp-json\/wp\/v2\/media\/153265"}],"wp:attachment":[{"href":"https:\/\/kingarms.ee\/lt\/wp-json\/wp\/v2\/media?parent=151833"}],"wp:term":[{"taxonomy":"product_brand","embeddable":true,"href":"https:\/\/kingarms.ee\/lt\/wp-json\/wp\/v2\/product_brand?post=151833"},{"taxonomy":"product_cat","embeddable":true,"href":"https:\/\/kingarms.ee\/lt\/wp-json\/wp\/v2\/product_cat?post=151833"},{"taxonomy":"product_tag","embeddable":true,"href":"https:\/\/kingarms.ee\/lt\/wp-json\/wp\/v2\/product_tag?post=151833"}],"curies":[{"name":"wp","href":"https:\/\/api.w.org\/{rel}","templated":true}]}}