{"id":151842,"date":"2020-04-01T16:47:35","date_gmt":"2025-07-05T12:33:21","guid":{"rendered":"https:\/\/kingarms.ee\/product\/140-bbs-vidurio-dangtelis-m4-m16-salv-specna-ginklai\/"},"modified":"2025-07-05T15:33:21","modified_gmt":"2025-07-05T12:33:21","slug":"140-bbs-vidurio-dangtelis-m4-m16-salv-specna-ginklai","status":"publish","type":"product","link":"https:\/\/kingarms.ee\/lt\/product\/140-bbs-vidurio-dangtelis-m4-m16-salv-specna-ginklai\/","title":{"rendered":"140 BBs vidurio dangtelis M4\/M16 salv (Specna ginklai)"},"content":{"rendered":"<p><a href=\"https:\/\/kingarms.ee\/wp-content\/uploads\/2020\/04\/1152222888_1-300x200.jpg\"><img loading=\"lazy\" decoding=\"async\" class=\"alignnone size-medium wp-image-26340\" src=\"https:\/\/kingarms.ee\/wp-content\/uploads\/2020\/04\/1152222888_1-300x200.jpg\" alt=\"\" width=\"300\" height=\"200\" srcset=\"https:\/\/kingarms.ee\/wp-content\/uploads\/2020\/04\/1152222888_1-300x200.jpg 300w, https:\/\/kingarms.ee\/wp-content\/uploads\/2020\/04\/1152222888_1-150x100.jpg 150w, https:\/\/kingarms.ee\/wp-content\/uploads\/2020\/04\/1152222888_1-500x333.jpg 500w, https:\/\/kingarms.ee\/wp-content\/uploads\/2020\/04\/1152222888_1-768x512.jpg 768w, https:\/\/kingarms.ee\/wp-content\/uploads\/2020\/04\/1152222888_1.jpg 800w\" sizes=\"auto, (max-width: 300px) 100vw, 300px\" \/><\/a><\/p>\n","protected":false},"excerpt":{"rendered":"<p>D\u0117\u017e\u0117s M4 ir M16 tipo ginklams i\u0161 plastiko. Gamintojas: Specna Arms <\/p>\n<p>Garantija: 1 metai<\/p>\n","protected":false},"featured_media":112302,"template":"","meta":{"_acf_changed":false},"product_brand":[],"product_cat":[1199],"product_tag":[],"class_list":{"0":"post-151842","1":"product","2":"type-product","3":"status-publish","4":"has-post-thumbnail","6":"product_cat-airsoft-lt","8":"first","9":"instock","10":"sale","11":"taxable","12":"shipping-taxable","13":"purchasable","14":"product-type-simple"},"acf":[],"_links":{"self":[{"href":"https:\/\/kingarms.ee\/lt\/wp-json\/wp\/v2\/product\/151842","targetHints":{"allow":["GET"]}}],"collection":[{"href":"https:\/\/kingarms.ee\/lt\/wp-json\/wp\/v2\/product"}],"about":[{"href":"https:\/\/kingarms.ee\/lt\/wp-json\/wp\/v2\/types\/product"}],"wp:featuredmedia":[{"embeddable":true,"href":"https:\/\/kingarms.ee\/lt\/wp-json\/wp\/v2\/media\/112302"}],"wp:attachment":[{"href":"https:\/\/kingarms.ee\/lt\/wp-json\/wp\/v2\/media?parent=151842"}],"wp:term":[{"taxonomy":"product_brand","embeddable":true,"href":"https:\/\/kingarms.ee\/lt\/wp-json\/wp\/v2\/product_brand?post=151842"},{"taxonomy":"product_cat","embeddable":true,"href":"https:\/\/kingarms.ee\/lt\/wp-json\/wp\/v2\/product_cat?post=151842"},{"taxonomy":"product_tag","embeddable":true,"href":"https:\/\/kingarms.ee\/lt\/wp-json\/wp\/v2\/product_tag?post=151842"}],"curies":[{"name":"wp","href":"https:\/\/api.w.org\/{rel}","templated":true}]}}