{"id":151851,"date":"2022-08-01T12:17:54","date_gmt":"2025-07-05T12:35:49","guid":{"rendered":"https:\/\/kingarms.ee\/product\/salmo-magistrales-adapterio-komplektas-z-tactical-3\/"},"modified":"2025-07-05T15:35:49","modified_gmt":"2025-07-05T12:35:49","slug":"salmo-magistrales-adapterio-komplektas-z-tactical-3","status":"publish","type":"product","link":"https:\/\/kingarms.ee\/lt\/product\/salmo-magistrales-adapterio-komplektas-z-tactical-3\/","title":{"rendered":"\u0160almo magistral\u0117s adapterio komplektas (Z-Tactical)"},"content":{"rendered":"<p>\u0160almo magistral\u0117s adapterio komplektas (Z-Tactical)<\/p>\n","protected":false},"excerpt":{"rendered":"<p>Laikikliai suteikia vartotojui galimyb\u0119 prie \u0161almo prijungti aktyvias arba pasyvias ausines.<\/p>\n<p>Gamintojas: Z-Tactical<\/p>\n","protected":false},"featured_media":123149,"template":"","meta":{"_acf_changed":false},"product_brand":[],"product_cat":[1275],"product_tag":[],"class_list":{"0":"post-151851","1":"product","2":"type-product","3":"status-publish","4":"has-post-thumbnail","6":"product_cat-ausiniu-laikikliai","8":"first","9":"onbackorder","10":"taxable","11":"shipping-taxable","12":"product-type-simple"},"acf":[],"_links":{"self":[{"href":"https:\/\/kingarms.ee\/lt\/wp-json\/wp\/v2\/product\/151851","targetHints":{"allow":["GET"]}}],"collection":[{"href":"https:\/\/kingarms.ee\/lt\/wp-json\/wp\/v2\/product"}],"about":[{"href":"https:\/\/kingarms.ee\/lt\/wp-json\/wp\/v2\/types\/product"}],"wp:featuredmedia":[{"embeddable":true,"href":"https:\/\/kingarms.ee\/lt\/wp-json\/wp\/v2\/media\/123149"}],"wp:attachment":[{"href":"https:\/\/kingarms.ee\/lt\/wp-json\/wp\/v2\/media?parent=151851"}],"wp:term":[{"taxonomy":"product_brand","embeddable":true,"href":"https:\/\/kingarms.ee\/lt\/wp-json\/wp\/v2\/product_brand?post=151851"},{"taxonomy":"product_cat","embeddable":true,"href":"https:\/\/kingarms.ee\/lt\/wp-json\/wp\/v2\/product_cat?post=151851"},{"taxonomy":"product_tag","embeddable":true,"href":"https:\/\/kingarms.ee\/lt\/wp-json\/wp\/v2\/product_tag?post=151851"}],"curies":[{"name":"wp","href":"https:\/\/api.w.org\/{rel}","templated":true}]}}