{"id":151853,"date":"2022-07-27T13:36:13","date_gmt":"2025-07-05T12:37:31","guid":{"rendered":"https:\/\/kingarms.ee\/product\/miegmaisis-ekstremalus-mil-tec\/"},"modified":"2025-07-05T15:37:31","modified_gmt":"2025-07-05T12:37:31","slug":"miegmaisis-ekstremalus-mil-tec","status":"publish","type":"product","link":"https:\/\/kingarms.ee\/lt\/product\/miegmaisis-ekstremalus-mil-tec\/","title":{"rendered":"Miegmai\u0161is-Ekstremalus (Mil-Tec)"},"content":{"rendered":"<p><img loading=\"lazy\" decoding=\"async\" class=\"alignnone size-medium wp-image-61128\" src=\"https:\/\/kingarms.ee\/wp-content\/uploads\/2022\/07\/4780_1-300x168.png\" alt=\"\" width=\"300\" height=\"168\" srcset=\"https:\/\/kingarms.ee\/wp-content\/uploads\/2022\/07\/4780_1-300x168.png 300w, https:\/\/kingarms.ee\/wp-content\/uploads\/2022\/07\/4780_1-500x281.png 500w, https:\/\/kingarms.ee\/wp-content\/uploads\/2022\/07\/4780_1-150x84.png 150w, https:\/\/kingarms.ee\/wp-content\/uploads\/2022\/07\/4780_1.png 638w\" sizes=\"auto, (max-width: 300px) 100vw, 300px\" \/><\/p>\n","protected":false},"excerpt":{"rendered":"<p>Miegmai\u0161is-Ekstremalus (Mil-Tec)<\/p>\n<p>Techniniai duomenys:<br \/>\n&#8211; auk\u0161tos kokyb\u0117s miegmai\u0161is i\u0161 Vokietijos gamintojo Mil-Tecalam<br \/>\n&#8211; integruotas gobtuvas ir \u0161ilta apykakl\u0117 su rai\u0161teliu<br \/>\n&#8211; 2 kryp\u010di\u0173 lazdos apsauginis u\u017etrauktukas (kablio ir kilpos u\u017edarymas)<br \/>\n&#8211; transportavimo krep\u0161ys<br \/>\n&#8211; miegmai\u0161\u012f taip pat galima naudoti kaip antklod\u0119<\/p>\n<p>Matmenys: 190-75 cm<br \/>\nPakuot\u0117s dydis: 37-19 cm<br \/>\nSvoris: apytiksliai. 1000 g<br \/>\nEkstremalus diapazonas: iki ma\u017edaug. -5 laipsni\u0173  <\/p>\n<p>Med\u017eiaga:<br \/>\n&#8211; i\u0161orinis: 100% poliesteris<br \/>\n&#8211; pamu\u0161alas: 100% poliesteris<br \/>\n&#8211; U\u017epildas: 100% poliesteris<br \/>\n&#8211; transportavimo krep\u0161ys: 100% poliesteris.<\/p>\n","protected":false},"featured_media":133195,"template":"","meta":{"_acf_changed":false},"product_brand":[],"product_cat":[1238],"product_tag":[],"class_list":{"0":"post-151853","1":"product","2":"type-product","3":"status-publish","4":"has-post-thumbnail","6":"product_cat-miegmaisiai","8":"first","9":"instock","10":"taxable","11":"shipping-taxable","12":"purchasable","13":"product-type-simple"},"acf":[],"_links":{"self":[{"href":"https:\/\/kingarms.ee\/lt\/wp-json\/wp\/v2\/product\/151853","targetHints":{"allow":["GET"]}}],"collection":[{"href":"https:\/\/kingarms.ee\/lt\/wp-json\/wp\/v2\/product"}],"about":[{"href":"https:\/\/kingarms.ee\/lt\/wp-json\/wp\/v2\/types\/product"}],"wp:featuredmedia":[{"embeddable":true,"href":"https:\/\/kingarms.ee\/lt\/wp-json\/wp\/v2\/media\/133195"}],"wp:attachment":[{"href":"https:\/\/kingarms.ee\/lt\/wp-json\/wp\/v2\/media?parent=151853"}],"wp:term":[{"taxonomy":"product_brand","embeddable":true,"href":"https:\/\/kingarms.ee\/lt\/wp-json\/wp\/v2\/product_brand?post=151853"},{"taxonomy":"product_cat","embeddable":true,"href":"https:\/\/kingarms.ee\/lt\/wp-json\/wp\/v2\/product_cat?post=151853"},{"taxonomy":"product_tag","embeddable":true,"href":"https:\/\/kingarms.ee\/lt\/wp-json\/wp\/v2\/product_tag?post=151853"}],"curies":[{"name":"wp","href":"https:\/\/api.w.org\/{rel}","templated":true}]}}