{"id":151864,"date":"2022-07-18T15:50:41","date_gmt":"2025-07-05T13:26:24","guid":{"rendered":"https:\/\/kingarms.ee\/product\/nuotolio-ieskiklis-crossfire-hd1400-sukurys\/"},"modified":"2025-07-05T16:26:24","modified_gmt":"2025-07-05T13:26:24","slug":"nuotolio-ieskiklis-crossfire-hd1400-sukurys","status":"publish","type":"product","link":"https:\/\/kingarms.ee\/lt\/product\/nuotolio-ieskiklis-crossfire-hd1400-sukurys\/","title":{"rendered":"Nuotolio ie\u0161kiklis Crossfire HD1400 s\u016bkurys"},"content":{"rendered":"","protected":false},"excerpt":{"rendered":"<p>Nuotolio ie\u0161kiklis Crossfire HD1400 s\u016bkurys<\/p>\n<p>Jei ie\u0161kote tobulo Lazerinio nuotolio ie\u0161kiklio, skirto tiek lank\u0173, tiek \u0161autuv\u0173 med\u017eiotojams, j\u012f radote Crossfire oma HD 1400. Crossfire UMP HD 1400 turi visk\u0105, ko jums reikia, ir nieko, ko neturite. tur\u0117dami 1400 jard\u0173 maksimal\u0173 diapazon\u0105 (750 elni\u0173), j\u016bs gaunate daug galios, o HD optin\u0117s sistemos d\u0117ka gal\u0117site pasirinkti bet kok\u012f kra\u0161tovaizd\u012f. Kad atitikt\u0173 bet koki\u0105 med\u017eiokl\u0117s aplink\u0105, Crossfire oma HD 1400 turi tris tikslinius re\u017eimus (normalus, pirmas, paskutinis) ir du reitingavimo modelius (HCD ir LOS). Raudonas TOLED ekranas i\u0161laiko rodmenis ai\u0161kius bet kokiomis ap\u0161vietimo s\u0105lygomis, o vos 4,8 uncijos-Crossfire UMP HD 1400 sunkiai med\u017eioja ir ne\u0161a \u0161vies\u0105.    <\/p>\n<p><strong>\u012etraukta \u012f d\u0117\u017eut\u0119<\/strong><br \/>\nMink\u0161tas Ne\u0161iojimo D\u0117klas<br \/>\nRie\u0161o Dir\u017eas<br \/>\nBungee Laido Dir\u017eas<br \/>\nObjektyvo Audinys<br \/>\nKablio ir kilpos dir\u017e\u0173 tvirtinimas<br \/>\nCR2 baterija<\/p>\n","protected":false},"featured_media":123105,"template":"","meta":{"_acf_changed":false},"product_brand":[],"product_cat":[1175],"product_tag":[],"class_list":{"0":"post-151864","1":"product","2":"type-product","3":"status-publish","4":"has-post-thumbnail","6":"product_cat-nuotolio-ieskiklis","8":"first","9":"onbackorder","10":"taxable","11":"shipping-taxable","12":"product-type-simple"},"acf":[],"_links":{"self":[{"href":"https:\/\/kingarms.ee\/lt\/wp-json\/wp\/v2\/product\/151864","targetHints":{"allow":["GET"]}}],"collection":[{"href":"https:\/\/kingarms.ee\/lt\/wp-json\/wp\/v2\/product"}],"about":[{"href":"https:\/\/kingarms.ee\/lt\/wp-json\/wp\/v2\/types\/product"}],"wp:featuredmedia":[{"embeddable":true,"href":"https:\/\/kingarms.ee\/lt\/wp-json\/wp\/v2\/media\/123105"}],"wp:attachment":[{"href":"https:\/\/kingarms.ee\/lt\/wp-json\/wp\/v2\/media?parent=151864"}],"wp:term":[{"taxonomy":"product_brand","embeddable":true,"href":"https:\/\/kingarms.ee\/lt\/wp-json\/wp\/v2\/product_brand?post=151864"},{"taxonomy":"product_cat","embeddable":true,"href":"https:\/\/kingarms.ee\/lt\/wp-json\/wp\/v2\/product_cat?post=151864"},{"taxonomy":"product_tag","embeddable":true,"href":"https:\/\/kingarms.ee\/lt\/wp-json\/wp\/v2\/product_tag?post=151864"}],"curies":[{"name":"wp","href":"https:\/\/api.w.org\/{rel}","templated":true}]}}