{"id":151868,"date":"2022-07-18T13:13:07","date_gmt":"2025-07-05T13:31:08","guid":{"rendered":"https:\/\/kingarms.ee\/product\/pagalbinis-soninis-virve-skirta-skerspjuviui-vyra-kung\/"},"modified":"2025-07-05T16:31:08","modified_gmt":"2025-07-05T13:31:08","slug":"pagalbinis-soninis-virve-skirta-skerspjuviui-vyra-kung","status":"publish","type":"product","link":"https:\/\/kingarms.ee\/lt\/product\/pagalbinis-soninis-virve-skirta-skerspjuviui-vyra-kung\/","title":{"rendered":"Pagalbinis \u0161oninis virv\u0117, skirta skerspj\u016bviui vyr\u0105 kung"},"content":{"rendered":"","protected":false},"excerpt":{"rendered":"<p>Pagalbinis \u0161oninis virv\u0117, skirta skerspj\u016bviui vyr\u0105 kung<\/p>\n<p>Pagalbin\u0117 skersini\u0173 virv\u0117 [man kung]<\/p>\n<p>Pagalbinis \u012fvestas lynas<br \/>\nIlgis 110cm<br \/>\nTinka \u0161iems arbalet\u0173 modeliams:<\/p>\n<p>MK-300B<br \/>\nMK-300AC<br \/>\nMK-380<br \/>\nMK-400<br \/>\nMK-XB21B<br \/>\nMK-XB21GC<br \/>\nMK-XB27B<br \/>\nMK-XB27GC<br \/>\nMK-XB52BK<br \/>\nMK-XB52GC<br \/>\nMK-XB53BK<br \/>\nMK-XB53GC<br \/>\nMK-XB55BK<br \/>\nMK-XB55GC<br \/>\nMK-XB86DC<\/p>\n","protected":false},"featured_media":123049,"template":"","meta":{"_acf_changed":false},"product_brand":[],"product_cat":[1151,1155],"product_tag":[],"class_list":{"0":"post-151868","1":"product","2":"type-product","3":"status-publish","4":"has-post-thumbnail","6":"product_cat-lankai-ir-skersiniai","7":"product_cat-priedai","9":"first","10":"instock","11":"taxable","12":"shipping-taxable","13":"purchasable","14":"product-type-simple"},"acf":[],"_links":{"self":[{"href":"https:\/\/kingarms.ee\/lt\/wp-json\/wp\/v2\/product\/151868","targetHints":{"allow":["GET"]}}],"collection":[{"href":"https:\/\/kingarms.ee\/lt\/wp-json\/wp\/v2\/product"}],"about":[{"href":"https:\/\/kingarms.ee\/lt\/wp-json\/wp\/v2\/types\/product"}],"wp:featuredmedia":[{"embeddable":true,"href":"https:\/\/kingarms.ee\/lt\/wp-json\/wp\/v2\/media\/123049"}],"wp:attachment":[{"href":"https:\/\/kingarms.ee\/lt\/wp-json\/wp\/v2\/media?parent=151868"}],"wp:term":[{"taxonomy":"product_brand","embeddable":true,"href":"https:\/\/kingarms.ee\/lt\/wp-json\/wp\/v2\/product_brand?post=151868"},{"taxonomy":"product_cat","embeddable":true,"href":"https:\/\/kingarms.ee\/lt\/wp-json\/wp\/v2\/product_cat?post=151868"},{"taxonomy":"product_tag","embeddable":true,"href":"https:\/\/kingarms.ee\/lt\/wp-json\/wp\/v2\/product_tag?post=151868"}],"curies":[{"name":"wp","href":"https:\/\/api.w.org\/{rel}","templated":true}]}}