{"id":151870,"date":"2022-07-18T13:08:29","date_gmt":"2025-07-05T13:33:33","guid":{"rendered":"https:\/\/kingarms.ee\/product\/5-daliu-rinkinys-cf-502c-arbaleto-varztai\/"},"modified":"2025-07-05T16:33:33","modified_gmt":"2025-07-05T13:33:33","slug":"5-daliu-rinkinys-cf-502c-arbaleto-varztai","status":"publish","type":"product","link":"https:\/\/kingarms.ee\/lt\/product\/5-daliu-rinkinys-cf-502c-arbaleto-varztai\/","title":{"rendered":"5 DALI\u0172 RINKINYS CF 502C ARBALETO VAR\u017dTAI"},"content":{"rendered":"","protected":false},"excerpt":{"rendered":"<p>5 dali\u0173 rinkinys CF 502c arbaleto var\u017etai<\/p>\n<p>5 vienet\u0173 rinkinys arbaletas var\u017etai<br \/>\nMetalinis antgalis<br \/>\n3 sparnai<br \/>\nIlgis 78mm<br \/>\nSkersmuo 7,44 mm<br \/>\nVieno var\u017eto svoris apie 10 g<br \/>\nTinka CF 502C arbaletui<\/p>\n","protected":false},"featured_media":123041,"template":"","meta":{"_acf_changed":false},"product_brand":[],"product_cat":[1151,1154],"product_tag":[],"class_list":{"0":"post-151870","1":"product","2":"type-product","3":"status-publish","4":"has-post-thumbnail","6":"product_cat-lankai-ir-skersiniai","7":"product_cat-rodykles-patarimai","9":"first","10":"instock","11":"taxable","12":"shipping-taxable","13":"purchasable","14":"product-type-simple"},"acf":[],"_links":{"self":[{"href":"https:\/\/kingarms.ee\/lt\/wp-json\/wp\/v2\/product\/151870","targetHints":{"allow":["GET"]}}],"collection":[{"href":"https:\/\/kingarms.ee\/lt\/wp-json\/wp\/v2\/product"}],"about":[{"href":"https:\/\/kingarms.ee\/lt\/wp-json\/wp\/v2\/types\/product"}],"wp:featuredmedia":[{"embeddable":true,"href":"https:\/\/kingarms.ee\/lt\/wp-json\/wp\/v2\/media\/123041"}],"wp:attachment":[{"href":"https:\/\/kingarms.ee\/lt\/wp-json\/wp\/v2\/media?parent=151870"}],"wp:term":[{"taxonomy":"product_brand","embeddable":true,"href":"https:\/\/kingarms.ee\/lt\/wp-json\/wp\/v2\/product_brand?post=151870"},{"taxonomy":"product_cat","embeddable":true,"href":"https:\/\/kingarms.ee\/lt\/wp-json\/wp\/v2\/product_cat?post=151870"},{"taxonomy":"product_tag","embeddable":true,"href":"https:\/\/kingarms.ee\/lt\/wp-json\/wp\/v2\/product_tag?post=151870"}],"curies":[{"name":"wp","href":"https:\/\/api.w.org\/{rel}","templated":true}]}}