{"id":151878,"date":"2022-07-18T12:22:39","date_gmt":"2025-07-05T13:47:04","guid":{"rendered":"https:\/\/kingarms.ee\/product\/pustolamb-aligatorius-tcs2-80-svaru-vyras-kung\/"},"modified":"2025-07-05T16:47:04","modified_gmt":"2025-07-05T13:47:04","slug":"pustolamb-aligatorius-tcs2-80-svaru-vyras-kung","status":"publish","type":"product","link":"https:\/\/kingarms.ee\/lt\/product\/pustolamb-aligatorius-tcs2-80-svaru-vyras-kung\/","title":{"rendered":"Pustolamb aligatorius TCS2 80 svar\u0173 [vyras KUNG]"},"content":{"rendered":"","protected":false},"excerpt":{"rendered":"<p>Pustolamb aligatorius tcs2 80 svar\u0173 [vyras kung]<\/p>\n<p>Nubr\u0117\u017ekite 80 svar\u0173 svorio<br \/>\nGreitis 185 fps<br \/>\nGalios sm\u016bgis 6 &#8221;<br \/>\nSavaranki\u0161kas atsargumas<br \/>\nStiklo pluo\u0161to gal\u016bn\u0117s<br \/>\nPolimero k\u016bnas<br \/>\nStandartinis 20 mm vir\u0161utinis ir apatinis b\u0117gis<br \/>\n\u017dvilgsniai, \u012ftraukti \u012f reguliuojam\u0105 galin\u012f \u017evilgsn\u012f<br \/>\nPriekin\u0117 rankena<br \/>\nI\u0161traukiamos atsargos<br \/>\nPlotis 42 cm (16,5 colio)<br \/>\nIlgis 56 cm-62cm (22,5\u201324,4 colio)<br \/>\nSvoris 1000 g<br \/>\nRekomenduojami 6,5 &#8220;aliuminio var\u017etai<br \/>\nPakuot\u0117je yra 3x 6,5 &#8220;aliuminio var\u017etai<br \/>\nPridedama lengva surinkimas, montavimo aparat\u016bra<\/p>\n","protected":false},"featured_media":122960,"template":"","meta":{"_acf_changed":false},"product_brand":[],"product_cat":[1151,1152],"product_tag":[],"class_list":{"0":"post-151878","1":"product","2":"type-product","3":"status-publish","4":"has-post-thumbnail","6":"product_cat-lankai-ir-skersiniai","7":"product_cat-skersiniai","9":"first","10":"instock","11":"taxable","12":"shipping-taxable","13":"purchasable","14":"product-type-simple"},"acf":[],"_links":{"self":[{"href":"https:\/\/kingarms.ee\/lt\/wp-json\/wp\/v2\/product\/151878","targetHints":{"allow":["GET"]}}],"collection":[{"href":"https:\/\/kingarms.ee\/lt\/wp-json\/wp\/v2\/product"}],"about":[{"href":"https:\/\/kingarms.ee\/lt\/wp-json\/wp\/v2\/types\/product"}],"wp:featuredmedia":[{"embeddable":true,"href":"https:\/\/kingarms.ee\/lt\/wp-json\/wp\/v2\/media\/122960"}],"wp:attachment":[{"href":"https:\/\/kingarms.ee\/lt\/wp-json\/wp\/v2\/media?parent=151878"}],"wp:term":[{"taxonomy":"product_brand","embeddable":true,"href":"https:\/\/kingarms.ee\/lt\/wp-json\/wp\/v2\/product_brand?post=151878"},{"taxonomy":"product_cat","embeddable":true,"href":"https:\/\/kingarms.ee\/lt\/wp-json\/wp\/v2\/product_cat?post=151878"},{"taxonomy":"product_tag","embeddable":true,"href":"https:\/\/kingarms.ee\/lt\/wp-json\/wp\/v2\/product_tag?post=151878"}],"curies":[{"name":"wp","href":"https:\/\/api.w.org\/{rel}","templated":true}]}}