{"id":151880,"date":"2022-07-18T12:09:48","date_gmt":"2025-07-05T13:49:18","guid":{"rendered":"https:\/\/kingarms.ee\/product\/atsargine-eilute-cobra-r9-90-lbs-ek-saudymas-is-lanko\/"},"modified":"2025-07-05T16:49:18","modified_gmt":"2025-07-05T13:49:18","slug":"atsargine-eilute-cobra-r9-90-lbs-ek-saudymas-is-lanko","status":"publish","type":"product","link":"https:\/\/kingarms.ee\/lt\/product\/atsargine-eilute-cobra-r9-90-lbs-ek-saudymas-is-lanko\/","title":{"rendered":"Atsargin\u0117 eilut\u0117 COBRA R9 90 LBS EK \u0160audymas i\u0161 lanko"},"content":{"rendered":"","protected":false},"excerpt":{"rendered":"<p>Atsargin\u0117 eilut\u0117 COBRA R9 90 LBS EK \u0160audymas i\u0161 lanko<\/p>\n<p>Atsargin\u0117 eilut\u0117 cobra r9 90 svar\u0173 arbaletams<br \/>\nTinka modeliams cr090b ir cr090ba<\/p>\n","protected":false},"featured_media":122946,"template":"","meta":{"_acf_changed":false},"product_brand":[],"product_cat":[1151,1155],"product_tag":[],"class_list":{"0":"post-151880","1":"product","2":"type-product","3":"status-publish","4":"has-post-thumbnail","6":"product_cat-lankai-ir-skersiniai","7":"product_cat-priedai","9":"first","10":"instock","11":"taxable","12":"shipping-taxable","13":"purchasable","14":"product-type-simple"},"acf":[],"_links":{"self":[{"href":"https:\/\/kingarms.ee\/lt\/wp-json\/wp\/v2\/product\/151880","targetHints":{"allow":["GET"]}}],"collection":[{"href":"https:\/\/kingarms.ee\/lt\/wp-json\/wp\/v2\/product"}],"about":[{"href":"https:\/\/kingarms.ee\/lt\/wp-json\/wp\/v2\/types\/product"}],"wp:featuredmedia":[{"embeddable":true,"href":"https:\/\/kingarms.ee\/lt\/wp-json\/wp\/v2\/media\/122946"}],"wp:attachment":[{"href":"https:\/\/kingarms.ee\/lt\/wp-json\/wp\/v2\/media?parent=151880"}],"wp:term":[{"taxonomy":"product_brand","embeddable":true,"href":"https:\/\/kingarms.ee\/lt\/wp-json\/wp\/v2\/product_brand?post=151880"},{"taxonomy":"product_cat","embeddable":true,"href":"https:\/\/kingarms.ee\/lt\/wp-json\/wp\/v2\/product_cat?post=151880"},{"taxonomy":"product_tag","embeddable":true,"href":"https:\/\/kingarms.ee\/lt\/wp-json\/wp\/v2\/product_tag?post=151880"}],"curies":[{"name":"wp","href":"https:\/\/api.w.org\/{rel}","templated":true}]}}