{"id":151881,"date":"2022-07-18T12:07:42","date_gmt":"2025-07-05T13:50:29","guid":{"rendered":"https:\/\/kingarms.ee\/product\/arbaletas-varztai-r9-rk-kobra-ek-saudymas-is-lanko\/"},"modified":"2025-07-05T16:50:29","modified_gmt":"2025-07-05T13:50:29","slug":"arbaletas-varztai-r9-rk-kobra-ek-saudymas-is-lanko","status":"publish","type":"product","link":"https:\/\/kingarms.ee\/lt\/product\/arbaletas-varztai-r9-rk-kobra-ek-saudymas-is-lanko\/","title":{"rendered":"Arbaletas var\u017etai R9 \/ RK kobra [EK \u0160audymas i\u0161 lanko]"},"content":{"rendered":"","protected":false},"excerpt":{"rendered":"<p>Arbaletas var\u017etai r9 \/ RK kobra [EK \u0160audymas i\u0161 lanko]<\/p>\n<p>Arbaleto var\u017etai<br \/>\nAnglis<br \/>\nSkirta r9 \/ RC Cobra sistemos arbaletams<br \/>\nIlgis 7,5&#8243;<br \/>\nSvoris 155g<br \/>\n10 vienet\u0173 rinkinys<\/p>\n","protected":false},"featured_media":122941,"template":"","meta":{"_acf_changed":false},"product_brand":[],"product_cat":[1151,1154],"product_tag":[],"class_list":{"0":"post-151881","1":"product","2":"type-product","3":"status-publish","4":"has-post-thumbnail","6":"product_cat-lankai-ir-skersiniai","7":"product_cat-rodykles-patarimai","9":"first","10":"instock","11":"taxable","12":"shipping-taxable","13":"purchasable","14":"product-type-simple"},"acf":[],"_links":{"self":[{"href":"https:\/\/kingarms.ee\/lt\/wp-json\/wp\/v2\/product\/151881","targetHints":{"allow":["GET"]}}],"collection":[{"href":"https:\/\/kingarms.ee\/lt\/wp-json\/wp\/v2\/product"}],"about":[{"href":"https:\/\/kingarms.ee\/lt\/wp-json\/wp\/v2\/types\/product"}],"wp:featuredmedia":[{"embeddable":true,"href":"https:\/\/kingarms.ee\/lt\/wp-json\/wp\/v2\/media\/122941"}],"wp:attachment":[{"href":"https:\/\/kingarms.ee\/lt\/wp-json\/wp\/v2\/media?parent=151881"}],"wp:term":[{"taxonomy":"product_brand","embeddable":true,"href":"https:\/\/kingarms.ee\/lt\/wp-json\/wp\/v2\/product_brand?post=151881"},{"taxonomy":"product_cat","embeddable":true,"href":"https:\/\/kingarms.ee\/lt\/wp-json\/wp\/v2\/product_cat?post=151881"},{"taxonomy":"product_tag","embeddable":true,"href":"https:\/\/kingarms.ee\/lt\/wp-json\/wp\/v2\/product_tag?post=151881"}],"curies":[{"name":"wp","href":"https:\/\/api.w.org\/{rel}","templated":true}]}}