{"id":151882,"date":"2022-07-18T12:05:53","date_gmt":"2025-07-05T13:51:40","guid":{"rendered":"https:\/\/kingarms.ee\/product\/cobra-system-r9\/"},"modified":"2025-07-05T16:51:40","modified_gmt":"2025-07-05T13:51:40","slug":"cobra-system-r9","status":"publish","type":"product","link":"https:\/\/kingarms.ee\/lt\/product\/cobra-system-r9\/","title":{"rendered":"COBRA SYSTEM R9"},"content":{"rendered":"","protected":false},"excerpt":{"rendered":"<p>Cobra system r9<\/p>\n<p>Lygiosios svoris: 90lbs<br \/>\nGreitis: 240 kadr\u0173 per sekund\u0119<br \/>\nMaitinimo eiga 7,5&#8243;<br \/>\nStiklo pluo\u0161to gal\u016bn\u0117s<br \/>\n3 picatinny b\u0117giai<br \/>\nSaugos u\u017eraktas<br \/>\nI\u0161traukiamos atsargos<br \/>\nRaudonas ta\u0161kas<br \/>\nVertikali rankena<br \/>\n1 ta\u0161ko dir\u017eas<br \/>\n6 7,5 coli\u0173 anglies var\u017etai<br \/>\nAkiniai, stygini\u0173 va\u0161kas<br \/>\nIlgis 76-82cm<br \/>\nSvoris 2,5 kg<\/p>\n","protected":false},"featured_media":122939,"template":"","meta":{"_acf_changed":false},"product_brand":[],"product_cat":[1151,1152],"product_tag":[],"class_list":{"0":"post-151882","1":"product","2":"type-product","3":"status-publish","4":"has-post-thumbnail","6":"product_cat-lankai-ir-skersiniai","7":"product_cat-skersiniai","9":"first","10":"instock","11":"sale","12":"taxable","13":"shipping-taxable","14":"purchasable","15":"product-type-simple"},"acf":[],"_links":{"self":[{"href":"https:\/\/kingarms.ee\/lt\/wp-json\/wp\/v2\/product\/151882","targetHints":{"allow":["GET"]}}],"collection":[{"href":"https:\/\/kingarms.ee\/lt\/wp-json\/wp\/v2\/product"}],"about":[{"href":"https:\/\/kingarms.ee\/lt\/wp-json\/wp\/v2\/types\/product"}],"wp:featuredmedia":[{"embeddable":true,"href":"https:\/\/kingarms.ee\/lt\/wp-json\/wp\/v2\/media\/122939"}],"wp:attachment":[{"href":"https:\/\/kingarms.ee\/lt\/wp-json\/wp\/v2\/media?parent=151882"}],"wp:term":[{"taxonomy":"product_brand","embeddable":true,"href":"https:\/\/kingarms.ee\/lt\/wp-json\/wp\/v2\/product_brand?post=151882"},{"taxonomy":"product_cat","embeddable":true,"href":"https:\/\/kingarms.ee\/lt\/wp-json\/wp\/v2\/product_cat?post=151882"},{"taxonomy":"product_tag","embeddable":true,"href":"https:\/\/kingarms.ee\/lt\/wp-json\/wp\/v2\/product_tag?post=151882"}],"curies":[{"name":"wp","href":"https:\/\/api.w.org\/{rel}","templated":true}]}}