{"id":151890,"date":"2022-05-14T17:45:17","date_gmt":"2025-07-05T14:03:51","guid":{"rendered":"https:\/\/kingarms.ee\/product\/ris-9-pavasario-veiksmo-bipod-specna-ginklai\/"},"modified":"2025-07-05T17:03:51","modified_gmt":"2025-07-05T14:03:51","slug":"ris-9-pavasario-veiksmo-bipod-specna-ginklai","status":"publish","type":"product","link":"https:\/\/kingarms.ee\/lt\/product\/ris-9-pavasario-veiksmo-bipod-specna-ginklai\/","title":{"rendered":"RIS 9 pavasario veiksmo bipod specna ginklai"},"content":{"rendered":"","protected":false},"excerpt":{"rendered":"<p>RIS 9 pavasario veiksmo bipod specna ginklai<\/p>\n<p>Specna Arms produktai si\u016blo airsoft \u017eaid\u0117jams labai priimtinos kainos derin\u012f su kokybe ne tik auk\u0161tos klas\u0117s kopijose. Aktyvus dalyvavimas airsoft karybos priemoni\u0173 k\u016brime ir ilgamet\u0117 patirtis leid\u017eia Specna Arms pristatyti patikrintus produktus, kurie buvo i\u0161bandyti ekstremaliomis s\u0105lygomis. Mes skatiname susipa\u017einti su pla\u010diu kopij\u0173, \u012frangos ir derinimo dali\u0173 pasi\u016blymu.<br \/>\nSulankstomas 9&#8243; spyruoklinis bipodas, skirtas tvirtinimui prie RS 22 mm b\u0117gi\u0173. \u0160is produktas buvo pagamintas i\u0161 aliuminio ir plieno.   <\/p>\n","protected":false},"featured_media":119079,"template":"","meta":{"_acf_changed":false},"product_brand":[],"product_cat":[1178,1177],"product_tag":[],"class_list":{"0":"post-151890","1":"product","2":"type-product","3":"status-publish","4":"has-post-thumbnail","6":"product_cat-bipodai","7":"product_cat-rankos-rankenos","9":"first","10":"instock","11":"purchasable","12":"product-type-simple"},"acf":[],"_links":{"self":[{"href":"https:\/\/kingarms.ee\/lt\/wp-json\/wp\/v2\/product\/151890","targetHints":{"allow":["GET"]}}],"collection":[{"href":"https:\/\/kingarms.ee\/lt\/wp-json\/wp\/v2\/product"}],"about":[{"href":"https:\/\/kingarms.ee\/lt\/wp-json\/wp\/v2\/types\/product"}],"wp:featuredmedia":[{"embeddable":true,"href":"https:\/\/kingarms.ee\/lt\/wp-json\/wp\/v2\/media\/119079"}],"wp:attachment":[{"href":"https:\/\/kingarms.ee\/lt\/wp-json\/wp\/v2\/media?parent=151890"}],"wp:term":[{"taxonomy":"product_brand","embeddable":true,"href":"https:\/\/kingarms.ee\/lt\/wp-json\/wp\/v2\/product_brand?post=151890"},{"taxonomy":"product_cat","embeddable":true,"href":"https:\/\/kingarms.ee\/lt\/wp-json\/wp\/v2\/product_cat?post=151890"},{"taxonomy":"product_tag","embeddable":true,"href":"https:\/\/kingarms.ee\/lt\/wp-json\/wp\/v2\/product_tag?post=151890"}],"curies":[{"name":"wp","href":"https:\/\/api.w.org\/{rel}","templated":true}]}}