{"id":151894,"date":"2022-05-10T15:13:00","date_gmt":"2025-07-05T14:08:33","guid":{"rendered":"https:\/\/kingarms.ee\/product\/nesiklio-dirzas-ak-47\/"},"modified":"2025-07-05T17:08:33","modified_gmt":"2025-07-05T14:08:33","slug":"nesiklio-dirzas-ak-47","status":"publish","type":"product","link":"https:\/\/kingarms.ee\/lt\/product\/nesiklio-dirzas-ak-47\/","title":{"rendered":"NE\u0160IKLIO DIR\u017dAS AK 47"},"content":{"rendered":"","protected":false},"excerpt":{"rendered":"<p>ORIGINALUS NE\u0160IKLIO DIR\u017dAS AK 47, SKS ARBA TDD \u0160AUTUVAMS<\/p>\n","protected":false},"featured_media":134411,"template":"","meta":{"_acf_changed":false},"product_brand":[],"product_cat":[1206],"product_tag":[],"class_list":{"0":"post-151894","1":"product","2":"type-product","3":"status-publish","4":"has-post-thumbnail","6":"product_cat-ginklu-dirzeliai","8":"first","9":"onbackorder","10":"taxable","11":"shipping-taxable","12":"product-type-simple"},"acf":[],"_links":{"self":[{"href":"https:\/\/kingarms.ee\/lt\/wp-json\/wp\/v2\/product\/151894","targetHints":{"allow":["GET"]}}],"collection":[{"href":"https:\/\/kingarms.ee\/lt\/wp-json\/wp\/v2\/product"}],"about":[{"href":"https:\/\/kingarms.ee\/lt\/wp-json\/wp\/v2\/types\/product"}],"wp:featuredmedia":[{"embeddable":true,"href":"https:\/\/kingarms.ee\/lt\/wp-json\/wp\/v2\/media\/134411"}],"wp:attachment":[{"href":"https:\/\/kingarms.ee\/lt\/wp-json\/wp\/v2\/media?parent=151894"}],"wp:term":[{"taxonomy":"product_brand","embeddable":true,"href":"https:\/\/kingarms.ee\/lt\/wp-json\/wp\/v2\/product_brand?post=151894"},{"taxonomy":"product_cat","embeddable":true,"href":"https:\/\/kingarms.ee\/lt\/wp-json\/wp\/v2\/product_cat?post=151894"},{"taxonomy":"product_tag","embeddable":true,"href":"https:\/\/kingarms.ee\/lt\/wp-json\/wp\/v2\/product_tag?post=151894"}],"curies":[{"name":"wp","href":"https:\/\/api.w.org\/{rel}","templated":true}]}}