{"id":151901,"date":"2022-05-10T14:04:00","date_gmt":"2025-07-05T16:49:44","guid":{"rendered":"https:\/\/kingarms.ee\/product\/akiniai-pasukami-klipai-nustatyti-modelis-zalia\/"},"modified":"2025-07-05T19:49:44","modified_gmt":"2025-07-05T16:49:44","slug":"akiniai-pasukami-klipai-nustatyti-modelis-zalia","status":"publish","type":"product","link":"https:\/\/kingarms.ee\/lt\/product\/akiniai-pasukami-klipai-nustatyti-modelis-zalia\/","title":{"rendered":"Akiniai pasukami klipai nustatyti Modelis \u017ealia"},"content":{"rendered":"","protected":false},"excerpt":{"rendered":"<p>Akiniai pasukami klipai nustatyti Modelis \u017ealia<\/p>\n<p>Dviej\u0173 akini\u0173 pasukam\u0173 spaustuk\u0173 rinkinys. Spaustukai skirti montuoti ant greito<strong> tipo \u0161alm\u0173<\/strong> \u0161onini\u0173 b\u0117gi\u0173. <\/p>\n","protected":false},"featured_media":118807,"template":"","meta":{"_acf_changed":false},"product_brand":[],"product_cat":[1209,1216,1217],"product_tag":[],"class_list":{"0":"post-151901","1":"product","2":"type-product","3":"status-publish","4":"has-post-thumbnail","6":"product_cat-iranga","7":"product_cat-salmai","8":"product_cat-salmo-laikikliai","10":"first","11":"instock","12":"taxable","13":"shipping-taxable","14":"purchasable","15":"product-type-simple"},"acf":[],"_links":{"self":[{"href":"https:\/\/kingarms.ee\/lt\/wp-json\/wp\/v2\/product\/151901","targetHints":{"allow":["GET"]}}],"collection":[{"href":"https:\/\/kingarms.ee\/lt\/wp-json\/wp\/v2\/product"}],"about":[{"href":"https:\/\/kingarms.ee\/lt\/wp-json\/wp\/v2\/types\/product"}],"wp:featuredmedia":[{"embeddable":true,"href":"https:\/\/kingarms.ee\/lt\/wp-json\/wp\/v2\/media\/118807"}],"wp:attachment":[{"href":"https:\/\/kingarms.ee\/lt\/wp-json\/wp\/v2\/media?parent=151901"}],"wp:term":[{"taxonomy":"product_brand","embeddable":true,"href":"https:\/\/kingarms.ee\/lt\/wp-json\/wp\/v2\/product_brand?post=151901"},{"taxonomy":"product_cat","embeddable":true,"href":"https:\/\/kingarms.ee\/lt\/wp-json\/wp\/v2\/product_cat?post=151901"},{"taxonomy":"product_tag","embeddable":true,"href":"https:\/\/kingarms.ee\/lt\/wp-json\/wp\/v2\/product_tag?post=151901"}],"curies":[{"name":"wp","href":"https:\/\/api.w.org\/{rel}","templated":true}]}}