{"id":151902,"date":"2020-03-10T15:29:47","date_gmt":"2020-03-10T12:29:47","guid":{"rendered":"https:\/\/kingarms.ee\/product\/paleidimo-pistoletas-f92-pilnas-automatinis-8mm-bruni\/"},"modified":"2025-07-05T19:50:14","modified_gmt":"2025-07-05T16:50:14","slug":"paleidimo-pistoletas-f92-pilnas-automatinis-8mm-bruni","status":"publish","type":"product","link":"https:\/\/kingarms.ee\/lt\/product\/paleidimo-pistoletas-f92-pilnas-automatinis-8mm-bruni\/","title":{"rendered":"Paleidimo pistoletas F92 pilnas automatinis 8mm (Bruni)"},"content":{"rendered":"<p><img loading=\"lazy\" decoding=\"async\" class=\"alignnone size-full wp-image-74769\" src=\"https:\/\/kingarms.ee\/wp-content\/uploads\/2020\/03\/bruni-92-auto.jpg\" alt=\"\" width=\"800\" height=\"600\" srcset=\"https:\/\/kingarms.ee\/wp-content\/uploads\/2020\/03\/bruni-92-auto.jpg 800w, https:\/\/kingarms.ee\/wp-content\/uploads\/2020\/03\/bruni-92-auto-300x225.jpg 300w, https:\/\/kingarms.ee\/wp-content\/uploads\/2020\/03\/bruni-92-auto-768x576.jpg 768w, https:\/\/kingarms.ee\/wp-content\/uploads\/2020\/03\/bruni-92-auto-600x450.jpg 600w, https:\/\/kingarms.ee\/wp-content\/uploads\/2020\/03\/bruni-92-auto-500x375.jpg 500w, https:\/\/kingarms.ee\/wp-content\/uploads\/2020\/03\/bruni-92-auto-150x113.jpg 150w\" sizes=\"auto, (max-width: 800px) 100vw, 800px\" \/><\/p>\n","protected":false},"excerpt":{"rendered":"<p>Paleidimo pistoletas F92 pilnas automatinis 8mm (Bruni)<\/p>\n<p>Sm\u016bgis F92 pradedant ginkl\u0105. Pilnas automatinis \u0160audymas <\/p>\n<p>Visos dalys veikia kaip tikras ginklas.<\/p>\n<p>Garsas \u0161audant yra lygiavertis tikro ginklo \u0161\u016bvio garsui !<\/p>\n<p>D\u0117klo talpa: 17 + 1 kaset\u0117.<\/p>\n<p>\u0160audmenys: 8 mm P. A. K. ruo\u0161iniai.<\/p>\n<p>Ilgis: 20 cm<\/p>\n<p>Auk\u0161tis: 25 cm<\/p>\n<p>Svoris: 1200 g<\/p>\n<p>Spalva: Juoda<\/p>\n<p>Norint tur\u0117ti pradin\u012f ginkl\u0105, jums nereikia leidimo ginklams!<\/p>\n<div>\n<p>\u201eProdukto\u201c garantas 3 Metai ir GustjoJos Metu Be Prieju\u016bros<\/p>\n<\/div>\n","protected":false},"featured_media":152502,"template":"","meta":{"_acf_changed":false},"product_brand":[],"product_cat":[1148],"product_tag":[],"class_list":{"0":"post-151902","1":"product","2":"type-product","3":"status-publish","4":"has-post-thumbnail","6":"product_cat-pradedantys-pistoletai","8":"first","9":"instock","10":"taxable","11":"shipping-taxable","12":"purchasable","13":"product-type-simple"},"acf":[],"_links":{"self":[{"href":"https:\/\/kingarms.ee\/lt\/wp-json\/wp\/v2\/product\/151902","targetHints":{"allow":["GET"]}}],"collection":[{"href":"https:\/\/kingarms.ee\/lt\/wp-json\/wp\/v2\/product"}],"about":[{"href":"https:\/\/kingarms.ee\/lt\/wp-json\/wp\/v2\/types\/product"}],"wp:featuredmedia":[{"embeddable":true,"href":"https:\/\/kingarms.ee\/lt\/wp-json\/wp\/v2\/media\/152502"}],"wp:attachment":[{"href":"https:\/\/kingarms.ee\/lt\/wp-json\/wp\/v2\/media?parent=151902"}],"wp:term":[{"taxonomy":"product_brand","embeddable":true,"href":"https:\/\/kingarms.ee\/lt\/wp-json\/wp\/v2\/product_brand?post=151902"},{"taxonomy":"product_cat","embeddable":true,"href":"https:\/\/kingarms.ee\/lt\/wp-json\/wp\/v2\/product_cat?post=151902"},{"taxonomy":"product_tag","embeddable":true,"href":"https:\/\/kingarms.ee\/lt\/wp-json\/wp\/v2\/product_tag?post=151902"}],"curies":[{"name":"wp","href":"https:\/\/api.w.org\/{rel}","templated":true}]}}