{"id":151903,"date":"2020-03-10T14:53:12","date_gmt":"2025-07-05T16:52:33","guid":{"rendered":"https:\/\/kingarms.ee\/product\/gr4-gg\/"},"modified":"2025-07-05T19:52:33","modified_gmt":"2025-07-05T16:52:33","slug":"gr4-gg","status":"publish","type":"product","link":"https:\/\/kingarms.ee\/lt\/product\/gr4-gg\/","title":{"rendered":"GR4 (G&amp;G)"},"content":{"rendered":"<p><a href=\"https:\/\/kingarms.ee\/wp-content\/uploads\/2020\/03\/1152196971_2-300x204.jpg\"><img loading=\"lazy\" decoding=\"async\" class=\"alignnone size-medium wp-image-25822\" src=\"https:\/\/kingarms.ee\/wp-content\/uploads\/2020\/03\/1152196971_2-300x204.jpg\" alt=\"\" width=\"300\" height=\"204\" srcset=\"https:\/\/kingarms.ee\/wp-content\/uploads\/2020\/03\/1152196971_2-300x204.jpg 300w, https:\/\/kingarms.ee\/wp-content\/uploads\/2020\/03\/1152196971_2-150x102.jpg 150w, https:\/\/kingarms.ee\/wp-content\/uploads\/2020\/03\/1152196971_2-500x341.jpg 500w, https:\/\/kingarms.ee\/wp-content\/uploads\/2020\/03\/1152196971_2-768x523.jpg 768w, https:\/\/kingarms.ee\/wp-content\/uploads\/2020\/03\/1152196971_2.jpg 800w\" sizes=\"auto, (max-width: 300px) 100vw, 300px\" \/><\/a><\/p>\n","protected":false},"excerpt":{"rendered":"<p>GR4 (G&amp;G)<\/p>\n<p><span style=\"color: #000000;\">Vardas: GR4<\/p>\n<p>Gamintojas: G &amp; amp; G<\/p>\n<p>Garantija: 12 m\u0117nesi\u0173<\/p>\n<p>Greitis: [FPS]<\/p>\n<p>Traukos \/ maitinimo \u0161altinis: Elektrinis<\/p>\n<p>Pavar\u0173 d\u0117\u017e\u0117s versija: V2 pavar\u0173 d\u0117\u017e\u0117<\/p>\n<p>\u0160audymo re\u017eimas: vienas, Automatinis<\/p>\n<p>Pagaminta i\u0161: metalo + plastiko<\/p>\n<p>Ilgis (mm): 520-770<\/p>\n<p>Vamzd\u017eio vidinis ilgis (mm): 233<\/p>\n<p>Svoris [g]: 3100<\/p>\n<p>\u012etraukta baterija: ne<\/p>\n<p>D\u0117klo tipas: D\u0117klas Hi-Cap<\/p>\n<p>D\u0117klo talpa (vnt): 450<\/p>\n<p>Hop-Up: Taip<\/p>\n<p>Atsitraukimas: taip (elektrinis)<\/span><\/p>\n","protected":false},"featured_media":112143,"template":"","meta":{"_acf_changed":false},"product_brand":[],"product_cat":[1139],"product_tag":[1318],"class_list":{"0":"post-151903","1":"product","2":"type-product","3":"status-publish","4":"has-post-thumbnail","6":"product_cat-elektro-pneumatiniai-ginklai","7":"product_tag-4blss3ph-lt","9":"first","10":"instock","11":"sale","12":"taxable","13":"shipping-taxable","14":"purchasable","15":"product-type-simple"},"acf":[],"_links":{"self":[{"href":"https:\/\/kingarms.ee\/lt\/wp-json\/wp\/v2\/product\/151903","targetHints":{"allow":["GET"]}}],"collection":[{"href":"https:\/\/kingarms.ee\/lt\/wp-json\/wp\/v2\/product"}],"about":[{"href":"https:\/\/kingarms.ee\/lt\/wp-json\/wp\/v2\/types\/product"}],"wp:featuredmedia":[{"embeddable":true,"href":"https:\/\/kingarms.ee\/lt\/wp-json\/wp\/v2\/media\/112143"}],"wp:attachment":[{"href":"https:\/\/kingarms.ee\/lt\/wp-json\/wp\/v2\/media?parent=151903"}],"wp:term":[{"taxonomy":"product_brand","embeddable":true,"href":"https:\/\/kingarms.ee\/lt\/wp-json\/wp\/v2\/product_brand?post=151903"},{"taxonomy":"product_cat","embeddable":true,"href":"https:\/\/kingarms.ee\/lt\/wp-json\/wp\/v2\/product_cat?post=151903"},{"taxonomy":"product_tag","embeddable":true,"href":"https:\/\/kingarms.ee\/lt\/wp-json\/wp\/v2\/product_tag?post=151903"}],"curies":[{"name":"wp","href":"https:\/\/api.w.org\/{rel}","templated":true}]}}