{"id":151910,"date":"2022-05-10T14:02:00","date_gmt":"2025-07-06T02:28:06","guid":{"rendered":"https:\/\/kingarms.ee\/product\/akiniai-pasukami-spaustukai-19mm-zali\/"},"modified":"2025-07-06T05:28:06","modified_gmt":"2025-07-06T02:28:06","slug":"akiniai-pasukami-spaustukai-19mm-zali","status":"publish","type":"product","link":"https:\/\/kingarms.ee\/lt\/product\/akiniai-pasukami-spaustukai-19mm-zali\/","title":{"rendered":"Akiniai pasukami Spaustukai 19mm \u017eali"},"content":{"rendered":"","protected":false},"excerpt":{"rendered":"<p>Akiniai pasukami Spaustukai 19mm \u017eali<\/p>\n<p>Dviej\u0173 akini\u0173 pasukam\u0173 spaustuk\u0173 rinkinys akiniams su 19 mm juosta. Spaustukai skirti <strong>montuoti <\/strong>ant greito tipo \u0161alm\u0173 \u0161onini\u0173 <strong>b\u0117gi\u0173.<\/strong> <\/p>\n","protected":false},"featured_media":118803,"template":"","meta":{"_acf_changed":false},"product_brand":[],"product_cat":[1216,1217],"product_tag":[],"class_list":{"0":"post-151910","1":"product","2":"type-product","3":"status-publish","4":"has-post-thumbnail","6":"product_cat-salmai","7":"product_cat-salmo-laikikliai","9":"first","10":"instock","11":"taxable","12":"shipping-taxable","13":"purchasable","14":"product-type-simple"},"acf":[],"_links":{"self":[{"href":"https:\/\/kingarms.ee\/lt\/wp-json\/wp\/v2\/product\/151910","targetHints":{"allow":["GET"]}}],"collection":[{"href":"https:\/\/kingarms.ee\/lt\/wp-json\/wp\/v2\/product"}],"about":[{"href":"https:\/\/kingarms.ee\/lt\/wp-json\/wp\/v2\/types\/product"}],"wp:featuredmedia":[{"embeddable":true,"href":"https:\/\/kingarms.ee\/lt\/wp-json\/wp\/v2\/media\/118803"}],"wp:attachment":[{"href":"https:\/\/kingarms.ee\/lt\/wp-json\/wp\/v2\/media?parent=151910"}],"wp:term":[{"taxonomy":"product_brand","embeddable":true,"href":"https:\/\/kingarms.ee\/lt\/wp-json\/wp\/v2\/product_brand?post=151910"},{"taxonomy":"product_cat","embeddable":true,"href":"https:\/\/kingarms.ee\/lt\/wp-json\/wp\/v2\/product_cat?post=151910"},{"taxonomy":"product_tag","embeddable":true,"href":"https:\/\/kingarms.ee\/lt\/wp-json\/wp\/v2\/product_tag?post=151910"}],"curies":[{"name":"wp","href":"https:\/\/api.w.org\/{rel}","templated":true}]}}