{"id":151912,"date":"2019-01-08T19:17:51","date_gmt":"2025-07-06T10:22:15","guid":{"rendered":"https:\/\/kingarms.ee\/product\/taktinis-dirzas-idegis\/"},"modified":"2025-07-06T13:22:15","modified_gmt":"2025-07-06T10:22:15","slug":"taktinis-dirzas-idegis","status":"publish","type":"product","link":"https:\/\/kingarms.ee\/lt\/product\/taktinis-dirzas-idegis\/","title":{"rendered":"Taktinis dir\u017eas-\u012fdegis<br><br>"},"content":{"rendered":"<p><a href=\"https:\/\/kingarms.ee\/wp-content\/uploads\/2019\/01\/1152193278_1-300x200.jpg\"><img loading=\"lazy\" decoding=\"async\" class=\"alignnone size-medium wp-image-11136\" src=\"https:\/\/kingarms.ee\/wp-content\/uploads\/2019\/01\/1152193278_1-300x200.jpg\" alt=\"\" width=\"300\" height=\"200\" srcset=\"https:\/\/kingarms.ee\/wp-content\/uploads\/2019\/01\/1152193278_1-300x200.jpg 300w, https:\/\/kingarms.ee\/wp-content\/uploads\/2019\/01\/1152193278_1-150x100.jpg 150w, https:\/\/kingarms.ee\/wp-content\/uploads\/2019\/01\/1152193278_1-500x333.jpg 500w, https:\/\/kingarms.ee\/wp-content\/uploads\/2019\/01\/1152193278_1-768x512.jpg 768w, https:\/\/kingarms.ee\/wp-content\/uploads\/2019\/01\/1152193278_1.jpg 800w\" sizes=\"auto, (max-width: 300px) 100vw, 300px\" \/><\/a><\/p>\n","protected":false},"excerpt":{"rendered":"<div class=\"woocommerce-product-details__short-description\">\n<p>Taktinis dir\u017eas-pangdegis<\/p>\n<p>Taktinis dir\u017eas pagamintas i\u0161 nailono. Kabliukai u\u017edengti per vis\u0105 ilg\u012f, tod\u0117l galima reguliuoti ilg\u012f iki 1000 mm ribose.<\/p>\n<\/div>\n","protected":false},"featured_media":108267,"template":"","meta":{"_acf_changed":false},"product_brand":[],"product_cat":[1232],"product_tag":[],"class_list":{"0":"post-151912","1":"product","2":"type-product","3":"status-publish","4":"has-post-thumbnail","6":"product_cat-ipsc-dirzai","8":"first","9":"instock","10":"sale","11":"taxable","12":"shipping-taxable","13":"purchasable","14":"product-type-simple"},"acf":[],"_links":{"self":[{"href":"https:\/\/kingarms.ee\/lt\/wp-json\/wp\/v2\/product\/151912","targetHints":{"allow":["GET"]}}],"collection":[{"href":"https:\/\/kingarms.ee\/lt\/wp-json\/wp\/v2\/product"}],"about":[{"href":"https:\/\/kingarms.ee\/lt\/wp-json\/wp\/v2\/types\/product"}],"wp:featuredmedia":[{"embeddable":true,"href":"https:\/\/kingarms.ee\/lt\/wp-json\/wp\/v2\/media\/108267"}],"wp:attachment":[{"href":"https:\/\/kingarms.ee\/lt\/wp-json\/wp\/v2\/media?parent=151912"}],"wp:term":[{"taxonomy":"product_brand","embeddable":true,"href":"https:\/\/kingarms.ee\/lt\/wp-json\/wp\/v2\/product_brand?post=151912"},{"taxonomy":"product_cat","embeddable":true,"href":"https:\/\/kingarms.ee\/lt\/wp-json\/wp\/v2\/product_cat?post=151912"},{"taxonomy":"product_tag","embeddable":true,"href":"https:\/\/kingarms.ee\/lt\/wp-json\/wp\/v2\/product_tag?post=151912"}],"curies":[{"name":"wp","href":"https:\/\/api.w.org\/{rel}","templated":true}]}}