{"id":151914,"date":"2018-12-05T16:20:37","date_gmt":"2025-07-06T10:26:41","guid":{"rendered":"https:\/\/kingarms.ee\/product\/sportas-306-borner\/"},"modified":"2025-07-06T13:26:41","modified_gmt":"2025-07-06T10:26:41","slug":"sportas-306-borner","status":"publish","type":"product","link":"https:\/\/kingarms.ee\/lt\/product\/sportas-306-borner\/","title":{"rendered":"Sportas 306 (Borner)<br><br>"},"content":{"rendered":"<p><a href=\"https:\/\/kingarms.ee\/wp-content\/uploads\/2018\/12\/products-img_4818_%D0%BD%D0%BE%D0%B2%D1%8B%D0%B9-%D1%80%D0%B0%D0%B7%D0%BC%D0%B5%D1%80.jpg\"><img loading=\"lazy\" decoding=\"async\" class=\"alignnone size-medium wp-image-10793\" src=\"https:\/\/kingarms.ee\/wp-content\/uploads\/2018\/12\/products-img_4818_%D0%BD%D0%BE%D0%B2%D1%8B%D0%B9-%D1%80%D0%B0%D0%B7%D0%BC%D0%B5%D1%80-300x200.jpg\" alt=\"\" width=\"300\" height=\"200\"><\/a><\/p>\n","protected":false},"excerpt":{"rendered":"<p>Sportas 306 (Borner)<\/p>\n<p><span title=\"Gamintojas: Borner (JAV \/ Taivanas)\n\n &#8220;>Gamintojas: Borner (JAV \/ Taivanas)<\/p>\n<p><\/span><span title=\"Kalibras: 4,5 mm (.177)\n\n &#8220;>Kalibras: 4.5 mm (.177)<\/p>\n<p><\/span><span title=\"Kovinis prototipas: Beretta 90 - Two (Italija)\n\n &#8220;>M\u016b\u0161io prototipas: Beretta 90-du (Italija)<\/p>\n<p><\/span><span title=\"Veikimo principas: duj\u0173 baliono pneumatika\n\n &#8220;>Veikimo principas: duj\u0173 balion\u0173 pneumatika<\/p>\n<p><\/span><span title=\"Energijos \u0161altinis: 12 gram\u0173 CO2 duj\u0173 balion\u0117liai\n\n &#8220;>Energijos \u0161altinis: CO2 duj\u0173 12 gram\u0173 kanistrai<\/p>\n<p><\/span><span title=\"Pu\u010diamoji energija: iki 3 D\u017e\n\n &#8220;>Snukio energija: iki 3 J<\/p>\n<p><\/span><span title=\"\u0160audmenys: BB rutuliai 4,5 mm \">Sprogstamoji med\u017eiaga: BB rutuliai 4,5 mm<\/p>\n<p><\/span><span title=\"Parduotuv\u0117s talpa: 18 \">Sand\u0117lio talpa: 18<\/p>\n<p><\/span><span title=\"U\u017eraktas: nejudantis \">U\u017eraktas: fiksuotas<\/p>\n<p><\/span><span title=\"Blowback: ne \">Sm\u016bgis: Arba<\/p>\n<p><\/span><span title=\"\u0160\u016bvio greitis: 120 m \/ s \">\u0160audymo greitis: 120 m \/ s<\/p>\n<p><\/span><span title=\"Med\u017eiaga: korpusas, pagrindas-metalas \">Med\u017eiaga: korpusas, netauri\u0173j\u0173 metal\u0173<\/p>\n<p><\/span><span title=\"Sm\u016bgio mechanizmas: tik dvigubas veiksmas (saviveikla) \">Sm\u016bgio paleidimo mechanizmas: tik dvigubas veikimas (lipnus)<\/p>\n<p><\/span><span title=\"\u0160audymo re\u017eimas : pusiau automatinis \">Fotografavimo re\u017eimas: pusiau automatinis<\/p>\n<p><\/span><span title=\"Saugiklis: Neautomatinis, mygtukinis \">Apsauga: Neautomatinis, mygtukas<\/p>\n<p><\/span><span title=\"Tiksliniai \u012ftaisai: nereguliuojamas visas ir plaukioja, Fiberoptic si\u016blai \">Atrakcionai: nereguliuojamas reg\u0117jimas ir skraidymas, fibro-optiniai si\u016blai<\/p>\n<p><\/span><span title=\"Baras Weaver \/ Picatinny: yra, po kamienu \">Lent\u0173 Aud\u0117jas \/ Picatinny: taip, po statine<\/p>\n<p><\/span><span title=\"Vamzd\u017eio tipas: lygus \">Statin\u0117s tipas: lygus<\/p>\n<p><\/span><span title=\"Ilgis: 215 mm \">Ilgis: 215 mm<\/p>\n<p><\/span><span title=\"Svoris: 950g\">Svoris: 950 g<\/span><\/p>\n","protected":false},"featured_media":108124,"template":"","meta":{"_acf_changed":false},"product_brand":[],"product_cat":[1142,1143],"product_tag":[],"class_list":{"0":"post-151914","1":"product","2":"type-product","3":"status-publish","4":"has-post-thumbnail","6":"product_cat-oro-ginklai","7":"product_cat-rankinis-ginklas","9":"first","10":"instock","11":"taxable","12":"shipping-taxable","13":"purchasable","14":"product-type-simple"},"acf":[],"_links":{"self":[{"href":"https:\/\/kingarms.ee\/lt\/wp-json\/wp\/v2\/product\/151914","targetHints":{"allow":["GET"]}}],"collection":[{"href":"https:\/\/kingarms.ee\/lt\/wp-json\/wp\/v2\/product"}],"about":[{"href":"https:\/\/kingarms.ee\/lt\/wp-json\/wp\/v2\/types\/product"}],"wp:featuredmedia":[{"embeddable":true,"href":"https:\/\/kingarms.ee\/lt\/wp-json\/wp\/v2\/media\/108124"}],"wp:attachment":[{"href":"https:\/\/kingarms.ee\/lt\/wp-json\/wp\/v2\/media?parent=151914"}],"wp:term":[{"taxonomy":"product_brand","embeddable":true,"href":"https:\/\/kingarms.ee\/lt\/wp-json\/wp\/v2\/product_brand?post=151914"},{"taxonomy":"product_cat","embeddable":true,"href":"https:\/\/kingarms.ee\/lt\/wp-json\/wp\/v2\/product_cat?post=151914"},{"taxonomy":"product_tag","embeddable":true,"href":"https:\/\/kingarms.ee\/lt\/wp-json\/wp\/v2\/product_tag?post=151914"}],"curies":[{"name":"wp","href":"https:\/\/api.w.org\/{rel}","templated":true}]}}