{"id":151919,"date":"2018-10-16T10:14:24","date_gmt":"2025-07-06T10:26:49","guid":{"rendered":"https:\/\/kingarms.ee\/product\/svytinti-chemine-sviesa-balta\/"},"modified":"2025-07-06T13:26:49","modified_gmt":"2025-07-06T10:26:49","slug":"svytinti-chemine-sviesa-balta","status":"publish","type":"product","link":"https:\/\/kingarms.ee\/lt\/product\/svytinti-chemine-sviesa-balta\/","title":{"rendered":"\u0160vytinti chemin\u0117 \u0161viesa-balta<br><br>"},"content":{"rendered":"<p><a href=\"https:\/\/kingarms.ee\/wp-content\/uploads\/2018\/10\/244_Snaplight_White_8hr_6-300x300.jpg\"><img loading=\"lazy\" decoding=\"async\" class=\"alignnone size-medium wp-image-10234\" src=\"https:\/\/kingarms.ee\/wp-content\/uploads\/2018\/10\/244_Snaplight_White_8hr_6-300x300.jpg\" alt=\"\" width=\"300\" height=\"300\" srcset=\"https:\/\/kingarms.ee\/wp-content\/uploads\/2018\/10\/244_Snaplight_White_8hr_6-300x300.jpg 300w, https:\/\/kingarms.ee\/wp-content\/uploads\/2018\/10\/244_Snaplight_White_8hr_6-150x150.jpg 150w, https:\/\/kingarms.ee\/wp-content\/uploads\/2018\/10\/244_Snaplight_White_8hr_6-500x500.jpg 500w, https:\/\/kingarms.ee\/wp-content\/uploads\/2018\/10\/244_Snaplight_White_8hr_6.jpg 600w\" sizes=\"auto, (max-width: 300px) 100vw, 300px\" \/><\/a><\/p>\n","protected":false},"excerpt":{"rendered":"<p>\u0160vytinti chemin\u0117 \u0161viesa-balta<\/p>\n<p>Chemin\u0117 \u0161viesa yra vienkartinis produktas.<\/p>\n<p> Jis veikia chemin\u0117s reakcijos, kuri \u012fvyksta, kai susimai\u0161o dvi chemin\u0117s med\u017eiagos, prad\u017eioje.<\/p>\n<p> Jei norite, kad \u012fvykt\u0173 chemin\u0117 reakcija, turite sulenkti lengv\u0105 stikl\u0105.<\/p>\n<p> Reakcija yra 100% saugi.<\/p>\n<p> \u0160io proceso metu \u0161ilumin\u0117 energija negaminama.<\/p>\n<p> Cheminiai \u017eibintai yra i\u0161skirtinis \u0161viesos \u0161altinis, nes jiems nereikia jokio maitinimo \u0161altinio.<\/p>\n<p> Jie yra labai lengvi ir veiksmingi.<\/p>\n<p> Jie idealiai tinka signalizuoti, \u017eym\u0117ti pozicijas, \u017eym\u0117ti avarijas, \u012frengti liemenes arba kaip alternatyv\u0173 \u0161viesos \u0161altin\u012f.<\/p>\n<p> Darbo laikas priklauso nuo spalvos.<\/p>\n<p> Pagrindinis chemin\u0117s \u0161viesos privalumas yra tas, kad aplinka ap\u0161vie\u010diama 360 laipsni\u0173 kampu.<\/p>\n<p> \u017dibintai n\u0117ra toksi\u0161ki ar deg\u016bs.<\/p>\n<p> Prietaisas turi pakab\u0105.<\/p>\n","protected":false},"featured_media":107919,"template":"","meta":{"_acf_changed":false},"product_brand":[],"product_cat":[1274],"product_tag":[],"class_list":{"0":"post-151919","1":"product","2":"type-product","3":"status-publish","4":"has-post-thumbnail","6":"product_cat-kita-lt","8":"first","9":"onbackorder","10":"taxable","11":"shipping-taxable","12":"product-type-simple"},"acf":[],"_links":{"self":[{"href":"https:\/\/kingarms.ee\/lt\/wp-json\/wp\/v2\/product\/151919","targetHints":{"allow":["GET"]}}],"collection":[{"href":"https:\/\/kingarms.ee\/lt\/wp-json\/wp\/v2\/product"}],"about":[{"href":"https:\/\/kingarms.ee\/lt\/wp-json\/wp\/v2\/types\/product"}],"wp:featuredmedia":[{"embeddable":true,"href":"https:\/\/kingarms.ee\/lt\/wp-json\/wp\/v2\/media\/107919"}],"wp:attachment":[{"href":"https:\/\/kingarms.ee\/lt\/wp-json\/wp\/v2\/media?parent=151919"}],"wp:term":[{"taxonomy":"product_brand","embeddable":true,"href":"https:\/\/kingarms.ee\/lt\/wp-json\/wp\/v2\/product_brand?post=151919"},{"taxonomy":"product_cat","embeddable":true,"href":"https:\/\/kingarms.ee\/lt\/wp-json\/wp\/v2\/product_cat?post=151919"},{"taxonomy":"product_tag","embeddable":true,"href":"https:\/\/kingarms.ee\/lt\/wp-json\/wp\/v2\/product_tag?post=151919"}],"curies":[{"name":"wp","href":"https:\/\/api.w.org\/{rel}","templated":true}]}}