{"id":151920,"date":"2018-09-28T15:51:50","date_gmt":"2025-07-06T10:26:51","guid":{"rendered":"https:\/\/kingarms.ee\/product\/apsaugine-kauke-smelio-spalvos-3\/"},"modified":"2025-07-06T13:26:51","modified_gmt":"2025-07-06T10:26:51","slug":"apsaugine-kauke-smelio-spalvos-3","status":"publish","type":"product","link":"https:\/\/kingarms.ee\/lt\/product\/apsaugine-kauke-smelio-spalvos-3\/","title":{"rendered":"Apsaugin\u0117 Kauk\u0117-Sm\u0117lio Spalvos<br><br>"},"content":{"rendered":"<p><a href=\"https:\/\/kingarms.ee\/wp-content\/uploads\/2018\/09\/1152198277_1-300x205.jpg\"><img loading=\"lazy\" decoding=\"async\" class=\"size-medium wp-image-9949\" src=\"https:\/\/kingarms.ee\/wp-content\/uploads\/2018\/09\/1152198277_1-300x205.jpg\" alt=\"\" width=\"300\" height=\"205\" srcset=\"https:\/\/kingarms.ee\/wp-content\/uploads\/2018\/09\/1152198277_1-300x205.jpg 300w, https:\/\/kingarms.ee\/wp-content\/uploads\/2018\/09\/1152198277_1-150x102.jpg 150w, https:\/\/kingarms.ee\/wp-content\/uploads\/2018\/09\/1152198277_1-500x341.jpg 500w, https:\/\/kingarms.ee\/wp-content\/uploads\/2018\/09\/1152198277_1.jpg 550w\" sizes=\"auto, (max-width: 300px) 100vw, 300px\" \/><\/a><\/p>\n","protected":false},"excerpt":{"rendered":"<p>Apsaugin\u0117 Kauk\u0117-Sm\u0117lio Spalvos<\/p>\n","protected":false},"featured_media":107796,"template":"","meta":{"_acf_changed":false},"product_brand":[],"product_cat":[1215],"product_tag":[],"class_list":{"0":"post-151920","1":"product","2":"type-product","3":"status-publish","4":"has-post-thumbnail","6":"product_cat-be-salmo-tvirtinimo","8":"first","9":"instock","10":"taxable","11":"shipping-taxable","12":"purchasable","13":"product-type-simple"},"acf":[],"_links":{"self":[{"href":"https:\/\/kingarms.ee\/lt\/wp-json\/wp\/v2\/product\/151920","targetHints":{"allow":["GET"]}}],"collection":[{"href":"https:\/\/kingarms.ee\/lt\/wp-json\/wp\/v2\/product"}],"about":[{"href":"https:\/\/kingarms.ee\/lt\/wp-json\/wp\/v2\/types\/product"}],"wp:featuredmedia":[{"embeddable":true,"href":"https:\/\/kingarms.ee\/lt\/wp-json\/wp\/v2\/media\/107796"}],"wp:attachment":[{"href":"https:\/\/kingarms.ee\/lt\/wp-json\/wp\/v2\/media?parent=151920"}],"wp:term":[{"taxonomy":"product_brand","embeddable":true,"href":"https:\/\/kingarms.ee\/lt\/wp-json\/wp\/v2\/product_brand?post=151920"},{"taxonomy":"product_cat","embeddable":true,"href":"https:\/\/kingarms.ee\/lt\/wp-json\/wp\/v2\/product_cat?post=151920"},{"taxonomy":"product_tag","embeddable":true,"href":"https:\/\/kingarms.ee\/lt\/wp-json\/wp\/v2\/product_tag?post=151920"}],"curies":[{"name":"wp","href":"https:\/\/api.w.org\/{rel}","templated":true}]}}