{"id":151922,"date":"2018-09-07T17:44:52","date_gmt":"2025-07-06T10:34:26","guid":{"rendered":"https:\/\/kingarms.ee\/product\/sbr-dpms-full-auto-umarex\/"},"modified":"2025-07-06T13:34:26","modified_gmt":"2025-07-06T10:34:26","slug":"sbr-dpms-full-auto-umarex","status":"publish","type":"product","link":"https:\/\/kingarms.ee\/lt\/product\/sbr-dpms-full-auto-umarex\/","title":{"rendered":"SBR DPMS FULL AUTO (Umarex)"},"content":{"rendered":"<p><a href=\"https:\/\/kingarms.ee\/wp-content\/uploads\/2018\/09\/PY-4571_Crosman-DPMS-SBR-FullAuto_1527616451-300x225.jpg\"><img loading=\"lazy\" decoding=\"async\" class=\"alignnone size-medium wp-image-9738\" src=\"https:\/\/kingarms.ee\/wp-content\/uploads\/2018\/09\/PY-4571_Crosman-DPMS-SBR-FullAuto_1527616451-300x225.jpg\" alt=\"\" width=\"300\" height=\"225\" srcset=\"https:\/\/kingarms.ee\/wp-content\/uploads\/2018\/09\/PY-4571_Crosman-DPMS-SBR-FullAuto_1527616451-300x225.jpg 300w, https:\/\/kingarms.ee\/wp-content\/uploads\/2018\/09\/PY-4571_Crosman-DPMS-SBR-FullAuto_1527616451-150x113.jpg 150w, https:\/\/kingarms.ee\/wp-content\/uploads\/2018\/09\/PY-4571_Crosman-DPMS-SBR-FullAuto_1527616451-500x375.jpg 500w, https:\/\/kingarms.ee\/wp-content\/uploads\/2018\/09\/PY-4571_Crosman-DPMS-SBR-FullAuto_1527616451-768x576.jpg 768w, https:\/\/kingarms.ee\/wp-content\/uploads\/2018\/09\/PY-4571_Crosman-DPMS-SBR-FullAuto_1527616451.jpg 1024w, https:\/\/kingarms.ee\/wp-content\/uploads\/2018\/09\/PY-4571_Crosman-DPMS-SBR-FullAuto_1527616451-600x450.jpg 600w\" sizes=\"auto, (max-width: 300px) 100vw, 300px\" \/><\/a><\/p>\n","protected":false},"excerpt":{"rendered":"<p>Automatinis ginklas be atatrankos, \u0161audantis 4,5 mm plieniniais \u0161autuvais, yra artimiausia \u012fmanoma \u0161aunamojo ginklo alternatyva. Ginklas veikia su dviem CO2 kapsul\u0117mis, kurios sumontuotos d\u0117klo viduje. Lub\u0173 kra\u0161t\u0105 i\u0161 keturi\u0173 pusi\u0173 dengia 22 mm standartin\u0117s rankos, leid\u017eian\u010dios ginklui montuoti vis\u0173 r\u016b\u0161i\u0173 priedus, tokius kaip optika, tiksl\u016bs taikikliai, lazeriai, lempos ir kt. Ginklo gaiduko veikimas taip pat labai pana\u0161us \u012f \u0161aunamojo ginklo gaiduk\u0105. Jei pageidaujama, ant pistoleto galima sumontuoti duslintuv\u0105 su 14 mm sriegiu. Ginklas taip pat yra su greitu \u012fkrovikliu ir turi pusiau ir visi\u0161kai automatin\u012f ugnies re\u017eim\u0105, kuris sukelia \u0161ypsen\u0105 kiekvieno vartotojo veidui.     <\/p>\n<p>PS! Ginklas skirtas tik persona\u017eo \u0161audymui! <\/p>\n<ul>\n<li>Techninis ugnies greitis vir\u0161ija 1400 kulk\u0173 per minut\u0119<\/li>\n<li>I\u0161metimo greitis iki 131 m \/ s<\/li>\n<li>Nes\u0117km\u0117<\/li>\n<li>Reguliuojamas 6 \u017eingsnis kaba<\/li>\n<li>Kiekvienoje pus\u0117je gele\u017einkeli\u0173 \u012fd\u0117klai<\/li>\n<li>Unikalus liepsnos slopintuvas<\/li>\n<li>25 rutulinis CO2 tepalas<\/li>\n<li>Auk\u0161tyn \u017eemyn skaidri\u0173 akyse<\/li>\n<li>Patogi rankena<\/li>\n<li>Tikri sunkumai ir funkcionalumas<\/li>\n<li>Ilgis: 68-77cm<\/li>\n<\/ul>\n<p>https:\/\/www.youtube.com\/watch?v=lMpJccSxY_w<\/p>\n","protected":false},"featured_media":107712,"template":"","meta":{"_acf_changed":false},"product_brand":[],"product_cat":[1142,1144],"product_tag":[],"class_list":{"0":"post-151922","1":"product","2":"type-product","3":"status-publish","4":"has-post-thumbnail","6":"product_cat-oro-ginklai","7":"product_cat-puolimo-sautuvas","9":"first","10":"instock","11":"sale","12":"taxable","13":"shipping-taxable","14":"purchasable","15":"product-type-simple"},"acf":[],"_links":{"self":[{"href":"https:\/\/kingarms.ee\/lt\/wp-json\/wp\/v2\/product\/151922","targetHints":{"allow":["GET"]}}],"collection":[{"href":"https:\/\/kingarms.ee\/lt\/wp-json\/wp\/v2\/product"}],"about":[{"href":"https:\/\/kingarms.ee\/lt\/wp-json\/wp\/v2\/types\/product"}],"wp:featuredmedia":[{"embeddable":true,"href":"https:\/\/kingarms.ee\/lt\/wp-json\/wp\/v2\/media\/107712"}],"wp:attachment":[{"href":"https:\/\/kingarms.ee\/lt\/wp-json\/wp\/v2\/media?parent=151922"}],"wp:term":[{"taxonomy":"product_brand","embeddable":true,"href":"https:\/\/kingarms.ee\/lt\/wp-json\/wp\/v2\/product_brand?post=151922"},{"taxonomy":"product_cat","embeddable":true,"href":"https:\/\/kingarms.ee\/lt\/wp-json\/wp\/v2\/product_cat?post=151922"},{"taxonomy":"product_tag","embeddable":true,"href":"https:\/\/kingarms.ee\/lt\/wp-json\/wp\/v2\/product_tag?post=151922"}],"curies":[{"name":"wp","href":"https:\/\/api.w.org\/{rel}","templated":true}]}}