{"id":151924,"date":"2018-08-31T11:09:32","date_gmt":"2025-07-06T10:37:10","guid":{"rendered":"https:\/\/kingarms.ee\/product\/raudonas-lazerinis-taikiklis\/"},"modified":"2025-07-06T13:37:10","modified_gmt":"2025-07-06T10:37:10","slug":"raudonas-lazerinis-taikiklis","status":"publish","type":"product","link":"https:\/\/kingarms.ee\/lt\/product\/raudonas-lazerinis-taikiklis\/","title":{"rendered":"Raudonas lazerinis taikiklis<br><br>"},"content":{"rendered":"<p><a href=\"https:\/\/kingarms.ee\/wp-content\/uploads\/2019\/01\/unnamed-file-300x300.jpg\"><img loading=\"lazy\" decoding=\"async\" class=\"alignnone size-medium wp-image-11740\" src=\"https:\/\/kingarms.ee\/wp-content\/uploads\/2019\/01\/unnamed-file-300x300.jpg\" alt=\"\" width=\"300\" height=\"300\" srcset=\"https:\/\/kingarms.ee\/wp-content\/uploads\/2019\/01\/unnamed-file-300x300.jpg 300w, https:\/\/kingarms.ee\/wp-content\/uploads\/2019\/01\/unnamed-file-150x150.jpg 150w, https:\/\/kingarms.ee\/wp-content\/uploads\/2019\/01\/unnamed-file-500x500.jpg 500w, https:\/\/kingarms.ee\/wp-content\/uploads\/2019\/01\/unnamed-file-768x768.jpg 768w, https:\/\/kingarms.ee\/wp-content\/uploads\/2019\/01\/unnamed-file.jpg 1000w\" sizes=\"auto, (max-width: 300px) 100vw, 300px\" \/><\/a><\/p>\n","protected":false},"excerpt":{"rendered":"<p>Raudonas lazerinis taikiklis<\/p>\n<p>Lazerinis taikiklis (raudonas) ir metalas Idealiai tinka montuoti ant pistoleto ar automato<\/p>\n<p>Lazerinis taikiklis yra kompakti\u0161kas, tinkamas montuoti ant daugumos pistolet\u0173 modeli\u0173 arba automatini\u0173 ma\u0161in\u0173 su RIS reil tipo tvirtinimo b\u0117geliais.<\/p>\n<p> Taikinys yra lengvas, neapkraunant ginklo ir nepridedant griki\u0173 svorio.<\/p>\n<p> Raudonas lazerio spindulys dienos \u0161viesoje siekia iki 25 m, nakt\u012f-iki 275 m.<\/p>\n<p>Taikikl\u012f lengva naudoti, j\u012f maitina 3hag13 baterijos, kurios gali veikti iki 14 valand\u0173.<\/p>\n<p> Taikikl\u012f patogu naudoti tiek de\u0161iniarankiams, tiek kairiarankiams.<\/p>\n<p>Lazerio bangos ilgis: 632-650.<\/p>\n<p>Lazerio tipo klas\u0117; IIIa.<\/p>\n<p>Lazers yra.Van tai &lt;5 mln.<\/p>\n<p>Vietos dydis: ma\u017edaug 3&#8243;.<\/p>\n<p>Matomumas dien\u0105: 25m.<\/p>\n<p>Matomumas nakt\u012f: 275m.<\/p>\n<p>Maitinimo \u0161altinis: 3 AG13.<\/p>\n<p>Baterijos veikimo laikas: 14 valand\u0173.<\/p>\n<p>\u012etampa: 3 V.<\/p>\n<p>MOA korekcija: nuolatinis.<\/p>\n<p>Reguliavimo auk\u0161\u010dio diapazonas: 400 MOA.<\/p>\n<p>Nuolyd\u017eio reguliavimo diapazonas: 120 MOA.<\/p>\n<p>Korpuso med\u017eiaga: kompozicin\u0117.<\/p>\n<p>IP standartas: IP55 (atsparus oro s\u0105lygoms).<\/p>\n<p>Tvirtinimo tipas: aud\u0117jas \/ picatinny.<\/p>\n<p>Darbin\u0117 temperat\u016bra: nuo -17 iki 48C.<\/p>\n<p>Lazeris: raudonas spindulys.<\/p>\n<p>Ilgis: 61mm.<\/p>\n<p>Plotis: 27mm.<\/p>\n<p>Svoris: 65g.<\/p>\n","protected":false},"featured_media":108536,"template":"","meta":{"_acf_changed":false},"product_brand":[],"product_cat":[1205],"product_tag":[],"class_list":{"0":"post-151924","1":"product","2":"type-product","3":"status-publish","4":"has-post-thumbnail","6":"product_cat-vaizdai-lt","8":"first","9":"instock","10":"purchasable","11":"product-type-simple"},"acf":[],"_links":{"self":[{"href":"https:\/\/kingarms.ee\/lt\/wp-json\/wp\/v2\/product\/151924","targetHints":{"allow":["GET"]}}],"collection":[{"href":"https:\/\/kingarms.ee\/lt\/wp-json\/wp\/v2\/product"}],"about":[{"href":"https:\/\/kingarms.ee\/lt\/wp-json\/wp\/v2\/types\/product"}],"wp:featuredmedia":[{"embeddable":true,"href":"https:\/\/kingarms.ee\/lt\/wp-json\/wp\/v2\/media\/108536"}],"wp:attachment":[{"href":"https:\/\/kingarms.ee\/lt\/wp-json\/wp\/v2\/media?parent=151924"}],"wp:term":[{"taxonomy":"product_brand","embeddable":true,"href":"https:\/\/kingarms.ee\/lt\/wp-json\/wp\/v2\/product_brand?post=151924"},{"taxonomy":"product_cat","embeddable":true,"href":"https:\/\/kingarms.ee\/lt\/wp-json\/wp\/v2\/product_cat?post=151924"},{"taxonomy":"product_tag","embeddable":true,"href":"https:\/\/kingarms.ee\/lt\/wp-json\/wp\/v2\/product_tag?post=151924"}],"curies":[{"name":"wp","href":"https:\/\/api.w.org\/{rel}","templated":true}]}}