{"id":151944,"date":"2022-05-10T13:58:00","date_gmt":"2025-07-06T12:07:18","guid":{"rendered":"https:\/\/kingarms.ee\/product\/akiniai-pasukami-klipai-19mm-tamsiai-zeme\/"},"modified":"2025-07-06T15:07:18","modified_gmt":"2025-07-06T12:07:18","slug":"akiniai-pasukami-klipai-19mm-tamsiai-zeme","status":"publish","type":"product","link":"https:\/\/kingarms.ee\/lt\/product\/akiniai-pasukami-klipai-19mm-tamsiai-zeme\/","title":{"rendered":"Akiniai pasukami klipai 19mm Tamsiai \u017eem\u0117"},"content":{"rendered":"","protected":false},"excerpt":{"rendered":"<div id=\" component_projector_longdescription_not \" class=\"projector_longdescription cm\">\n<p>Akiniai pasukami klipai 19mm Tamsiai \u017eem\u0117<\/p>\n<p>Dviej\u0173 akini\u0173 pasukam\u0173 spaustuk\u0173 rinkinys akiniams su 19 mm juosta. Spaustukai skirti <strong>montuoti <\/strong>ant greito tipo \u0161alm\u0173 \u0161onini\u0173 <strong>b\u0117gi\u0173.<\/strong> <\/p>\n<\/div>\n<div id=\"component_projector_cms\" class=\"component_projector_cms cm\">\n<div class=\"n56196_main\">\n<div class=\"n56196_sub\">\n<p>Produktas n\u0117ra balistin\u0117 apsauga ir neturi kit\u0173 apsaugini\u0173 savybi\u0173. Jis n\u0117ra skirtas naudoti apsaugos tikslais, \u012fskaitant taktinius\/karo \/ ASG \u017eaidimus. <\/p>\n<\/div>\n<\/div>\n<\/div>\n","protected":false},"featured_media":118799,"template":"","meta":{"_acf_changed":false},"product_brand":[],"product_cat":[1216,1217],"product_tag":[],"class_list":{"0":"post-151944","1":"product","2":"type-product","3":"status-publish","4":"has-post-thumbnail","6":"product_cat-salmai","7":"product_cat-salmo-laikikliai","9":"first","10":"instock","11":"taxable","12":"shipping-taxable","13":"purchasable","14":"product-type-simple"},"acf":[],"_links":{"self":[{"href":"https:\/\/kingarms.ee\/lt\/wp-json\/wp\/v2\/product\/151944","targetHints":{"allow":["GET"]}}],"collection":[{"href":"https:\/\/kingarms.ee\/lt\/wp-json\/wp\/v2\/product"}],"about":[{"href":"https:\/\/kingarms.ee\/lt\/wp-json\/wp\/v2\/types\/product"}],"wp:featuredmedia":[{"embeddable":true,"href":"https:\/\/kingarms.ee\/lt\/wp-json\/wp\/v2\/media\/118799"}],"wp:attachment":[{"href":"https:\/\/kingarms.ee\/lt\/wp-json\/wp\/v2\/media?parent=151944"}],"wp:term":[{"taxonomy":"product_brand","embeddable":true,"href":"https:\/\/kingarms.ee\/lt\/wp-json\/wp\/v2\/product_brand?post=151944"},{"taxonomy":"product_cat","embeddable":true,"href":"https:\/\/kingarms.ee\/lt\/wp-json\/wp\/v2\/product_cat?post=151944"},{"taxonomy":"product_tag","embeddable":true,"href":"https:\/\/kingarms.ee\/lt\/wp-json\/wp\/v2\/product_tag?post=151944"}],"curies":[{"name":"wp","href":"https:\/\/api.w.org\/{rel}","templated":true}]}}