{"id":151946,"date":"2019-05-02T18:22:03","date_gmt":"2025-07-06T12:11:33","guid":{"rendered":"https:\/\/kingarms.ee\/product\/vanduo-maishelis-multicam\/"},"modified":"2025-07-06T15:11:33","modified_gmt":"2025-07-06T12:11:33","slug":"vanduo-maishelis-multicam","status":"publish","type":"product","link":"https:\/\/kingarms.ee\/lt\/product\/vanduo-maishelis-multicam\/","title":{"rendered":"Vanduo Maishelis-Multicam"},"content":{"rendered":"<p><a href=\"https:\/\/kingarms.ee\/wp-content\/uploads\/2019\/05\/1152207747_1-300x200.jpg\"><img loading=\"lazy\" decoding=\"async\" class=\"alignnone size-medium wp-image-14832\" src=\"https:\/\/kingarms.ee\/wp-content\/uploads\/2019\/05\/1152207747_1-300x200.jpg\" alt=\"\" width=\"300\" height=\"200\" srcset=\"https:\/\/kingarms.ee\/wp-content\/uploads\/2019\/05\/1152207747_1-300x200.jpg 300w, https:\/\/kingarms.ee\/wp-content\/uploads\/2019\/05\/1152207747_1-150x100.jpg 150w, https:\/\/kingarms.ee\/wp-content\/uploads\/2019\/05\/1152207747_1-500x333.jpg 500w, https:\/\/kingarms.ee\/wp-content\/uploads\/2019\/05\/1152207747_1-768x512.jpg 768w, https:\/\/kingarms.ee\/wp-content\/uploads\/2019\/05\/1152207747_1.jpg 800w\" sizes=\"auto, (max-width: 300px) 100vw, 300px\" \/><\/a><\/p>\n","protected":false},"excerpt":{"rendered":"<p>Vanduo Maishelis-Multicam<\/p>\n<p>Krep\u0161ys pagamintas i\u0161 patvaraus nailono. Komplekte yra laikikliai, kuriuos reikia ne\u0161ioti ant nugaros, taip pat dir\u017eeliai, suderinami su MOLLE apkrovos sistema, tvirtinami prie taktin\u0117s liemen\u0117s. Tiek naudotojo priekyje, tiek gale yra MOLLE juosta, kuri leid\u017eia jums nustatyti pried\u0105. Mai\u0161elyje telpa iki 3 litr\u0173 talpos vandens butelis.<\/p>\n","protected":false},"featured_media":109724,"template":"","meta":{"_acf_changed":false},"product_brand":[],"product_cat":[1240,1244],"product_tag":[],"class_list":{"0":"post-151946","1":"product","2":"type-product","3":"status-publish","4":"has-post-thumbnail","6":"product_cat-maiseliai-krepsiai-ir-dirzeliai","7":"product_cat-vandens-maiseliai","9":"first","10":"onbackorder","11":"taxable","12":"shipping-taxable","13":"product-type-simple"},"acf":[],"_links":{"self":[{"href":"https:\/\/kingarms.ee\/lt\/wp-json\/wp\/v2\/product\/151946","targetHints":{"allow":["GET"]}}],"collection":[{"href":"https:\/\/kingarms.ee\/lt\/wp-json\/wp\/v2\/product"}],"about":[{"href":"https:\/\/kingarms.ee\/lt\/wp-json\/wp\/v2\/types\/product"}],"wp:featuredmedia":[{"embeddable":true,"href":"https:\/\/kingarms.ee\/lt\/wp-json\/wp\/v2\/media\/109724"}],"wp:attachment":[{"href":"https:\/\/kingarms.ee\/lt\/wp-json\/wp\/v2\/media?parent=151946"}],"wp:term":[{"taxonomy":"product_brand","embeddable":true,"href":"https:\/\/kingarms.ee\/lt\/wp-json\/wp\/v2\/product_brand?post=151946"},{"taxonomy":"product_cat","embeddable":true,"href":"https:\/\/kingarms.ee\/lt\/wp-json\/wp\/v2\/product_cat?post=151946"},{"taxonomy":"product_tag","embeddable":true,"href":"https:\/\/kingarms.ee\/lt\/wp-json\/wp\/v2\/product_tag?post=151946"}],"curies":[{"name":"wp","href":"https:\/\/api.w.org\/{rel}","templated":true}]}}