{"id":151947,"date":"2019-04-18T19:41:30","date_gmt":"2025-07-06T12:11:46","guid":{"rendered":"https:\/\/kingarms.ee\/product\/usp-45-hk\/"},"modified":"2025-07-06T15:11:46","modified_gmt":"2025-07-06T12:11:46","slug":"usp-45-hk","status":"publish","type":"product","link":"https:\/\/kingarms.ee\/lt\/product\/usp-45-hk\/","title":{"rendered":"USP .45 (H&amp;k)<br><br>"},"content":{"rendered":"<p><a href=\"https:\/\/kingarms.ee\/wp-content\/uploads\/2019\/04\/1152197296_2-300x204.jpg\"><img loading=\"lazy\" decoding=\"async\" class=\"size-medium wp-image-14537\" src=\"https:\/\/kingarms.ee\/wp-content\/uploads\/2019\/04\/1152197296_2-300x204.jpg\" alt=\"\" width=\"300\" height=\"204\" srcset=\"https:\/\/kingarms.ee\/wp-content\/uploads\/2019\/04\/1152197296_2-300x204.jpg 300w, https:\/\/kingarms.ee\/wp-content\/uploads\/2019\/04\/1152197296_2-150x102.jpg 150w, https:\/\/kingarms.ee\/wp-content\/uploads\/2019\/04\/1152197296_2-500x341.jpg 500w, https:\/\/kingarms.ee\/wp-content\/uploads\/2019\/04\/1152197296_2-768x523.jpg 768w, https:\/\/kingarms.ee\/wp-content\/uploads\/2019\/04\/1152197296_2.jpg 800w\" sizes=\"auto, (max-width: 300px) 100vw, 300px\" \/><\/a><\/p>\n","protected":false},"excerpt":{"rendered":"<p>USP .45 (H&amp;k)<\/p>\n<p>Ginkl\u0105 gamina Umareksas.<\/p>\n<p> Kopija yra beveik visi\u0161kai nukopijuotas \u0161aunamasis ginklas.<\/p>\n<p> Jis turi preki\u0173 \u017eenkl\u0173, pagr\u012fst\u0173 tikrais \u0161aunamaisiais ginklais.<\/p>\n<p> Jis turi DA tipo paleidimo mechanizm\u0105.<\/p>\n<p> Kitas \u012fdomus sprendimas, gaunamas i\u0161 tikr\u0173 \u0161aunam\u0173j\u0173 ginkl\u0173, yra vadinamasis &#8222;decocker&#8221;, kuris yra atsakingas u\u017e rogi\u0173 i\u0161ardym\u0105.<\/p>\n<p>Kopij\u0105 maitina dviej\u0173 pakop\u0173 metalinis d\u0117klas, kurio viduje yra \u017ealios dujos.<\/p>\n<p> D\u0117klo talpa yra 25 rutuliai.<\/p>\n<p> D\u0117klo atleidimo mygtukas yra labai ma\u017eas, ta\u010diau jis leid\u017eia atlaisvinti d\u0117kl\u0105 tiek kaire, tiek de\u0161ine rankomis.<\/p>\n<p> Kopijoje taip pat yra dvipus\u0117 slydimo atleidimo svirtis.<\/p>\n<p>Didel\u0117 neslystanti pistoleto rankena u\u017etikrina saug\u0173 ir patog\u0173 kopijos laikym\u0105 rankoje.<\/p>\n<p> \u0160audymo metu ginklas yra labai stabilus ir tikslus.<\/p>\n<p>\u012e komplekt\u0105 \u012feina:<\/p>\n<p>Pistoletas<\/p>\n<p>Salve<\/p>\n","protected":false},"featured_media":109615,"template":"","meta":{"_acf_changed":false},"product_brand":[],"product_cat":[1138],"product_tag":[],"class_list":{"0":"post-151947","1":"product","2":"type-product","3":"status-publish","4":"has-post-thumbnail","6":"product_cat-airsoft-pistols","8":"first","9":"onbackorder","10":"taxable","11":"shipping-taxable","12":"product-type-simple"},"acf":[],"_links":{"self":[{"href":"https:\/\/kingarms.ee\/lt\/wp-json\/wp\/v2\/product\/151947","targetHints":{"allow":["GET"]}}],"collection":[{"href":"https:\/\/kingarms.ee\/lt\/wp-json\/wp\/v2\/product"}],"about":[{"href":"https:\/\/kingarms.ee\/lt\/wp-json\/wp\/v2\/types\/product"}],"wp:featuredmedia":[{"embeddable":true,"href":"https:\/\/kingarms.ee\/lt\/wp-json\/wp\/v2\/media\/109615"}],"wp:attachment":[{"href":"https:\/\/kingarms.ee\/lt\/wp-json\/wp\/v2\/media?parent=151947"}],"wp:term":[{"taxonomy":"product_brand","embeddable":true,"href":"https:\/\/kingarms.ee\/lt\/wp-json\/wp\/v2\/product_brand?post=151947"},{"taxonomy":"product_cat","embeddable":true,"href":"https:\/\/kingarms.ee\/lt\/wp-json\/wp\/v2\/product_cat?post=151947"},{"taxonomy":"product_tag","embeddable":true,"href":"https:\/\/kingarms.ee\/lt\/wp-json\/wp\/v2\/product_tag?post=151947"}],"curies":[{"name":"wp","href":"https:\/\/api.w.org\/{rel}","templated":true}]}}