{"id":151949,"date":"2019-03-25T00:39:27","date_gmt":"2025-07-06T12:12:36","guid":{"rendered":"https:\/\/kingarms.ee\/product\/kriss-vektorius-krytac\/"},"modified":"2025-07-06T15:12:36","modified_gmt":"2025-07-06T12:12:36","slug":"kriss-vektorius-krytac","status":"publish","type":"product","link":"https:\/\/kingarms.ee\/lt\/product\/kriss-vektorius-krytac\/","title":{"rendered":"KRISS Vektorius (Krytac)<br><br>"},"content":{"rendered":"<p><a href=\"https:\/\/kingarms.ee\/wp-content\/uploads\/2019\/03\/1152217335_1-300x200.png\"><img loading=\"lazy\" decoding=\"async\" class=\"alignnone size-medium wp-image-13537\" src=\"https:\/\/kingarms.ee\/wp-content\/uploads\/2019\/03\/1152217335_1-300x200.png\" alt=\"\" width=\"300\" height=\"200\" srcset=\"https:\/\/kingarms.ee\/wp-content\/uploads\/2019\/03\/1152217335_1-300x200.png 300w, https:\/\/kingarms.ee\/wp-content\/uploads\/2019\/03\/1152217335_1-150x100.png 150w, https:\/\/kingarms.ee\/wp-content\/uploads\/2019\/03\/1152217335_1-500x333.png 500w, https:\/\/kingarms.ee\/wp-content\/uploads\/2019\/03\/1152217335_1-768x512.png 768w, https:\/\/kingarms.ee\/wp-content\/uploads\/2019\/03\/1152217335_1.png 800w\" sizes=\"auto, (max-width: 300px) 100vw, 300px\" \/><\/a><\/p>\n","protected":false},"excerpt":{"rendered":"<p>Techniniai duomenys:<\/p>\n<ul>\n<li>KRISS Vector (Krytac\n<\/li>\n<li>380 FPS \/ 116 m\/s kuni 400 FPS \/ 122 m \/ s\n<\/li>\n<li>\u0160audymo greitis 18 + kadr\u0173 per sekund\u0119\n<\/li>\n<li>Vidinio vamzd\u017eio ilgis 155 mm\n<\/li>\n<li>Vidinis vamzd\u017eio skersmuo 6.05 mm\n<\/li>\n<li>I\u0161orinis vamzd\u017eio ilgis 139.7 mm \/ 5.5&#8243;\n<\/li>\n<li>Vamzd\u017eio sriegis 14 mm neigiamas\n<\/li>\n<li>Bendras ilgis nuo 560 mm iki 780 mm\n<\/li>\n<li>Svoris 2,8 kg\n<\/li>\n<li>Auk\u0161tis 180 mm\n<\/li>\n<li>Kalibras 6 mm\n<\/li>\n<li>I\u0161 pirmo \u017evilgsnio DEFIANCE\n<\/li>\n<li>Galinio \u017evilgsnio nepaisymas sulankstomas<\/li>\n<li>\u012etraukta d\u0117klo talpa 95 kulkos<\/li>\n<\/ul>\n","protected":false},"featured_media":109194,"template":"","meta":{"_acf_changed":false},"product_brand":[],"product_cat":[1139],"product_tag":[1318],"class_list":{"0":"post-151949","1":"product","2":"type-product","3":"status-publish","4":"has-post-thumbnail","6":"product_cat-elektro-pneumatiniai-ginklai","7":"product_tag-4blss3ph-lt","9":"first","10":"onbackorder","11":"taxable","12":"shipping-taxable","13":"product-type-simple"},"acf":[],"_links":{"self":[{"href":"https:\/\/kingarms.ee\/lt\/wp-json\/wp\/v2\/product\/151949","targetHints":{"allow":["GET"]}}],"collection":[{"href":"https:\/\/kingarms.ee\/lt\/wp-json\/wp\/v2\/product"}],"about":[{"href":"https:\/\/kingarms.ee\/lt\/wp-json\/wp\/v2\/types\/product"}],"wp:featuredmedia":[{"embeddable":true,"href":"https:\/\/kingarms.ee\/lt\/wp-json\/wp\/v2\/media\/109194"}],"wp:attachment":[{"href":"https:\/\/kingarms.ee\/lt\/wp-json\/wp\/v2\/media?parent=151949"}],"wp:term":[{"taxonomy":"product_brand","embeddable":true,"href":"https:\/\/kingarms.ee\/lt\/wp-json\/wp\/v2\/product_brand?post=151949"},{"taxonomy":"product_cat","embeddable":true,"href":"https:\/\/kingarms.ee\/lt\/wp-json\/wp\/v2\/product_cat?post=151949"},{"taxonomy":"product_tag","embeddable":true,"href":"https:\/\/kingarms.ee\/lt\/wp-json\/wp\/v2\/product_tag?post=151949"}],"curies":[{"name":"wp","href":"https:\/\/api.w.org\/{rel}","templated":true}]}}