{"id":151954,"date":"2019-07-08T10:16:24","date_gmt":"2025-07-06T12:15:18","guid":{"rendered":"https:\/\/kingarms.ee\/product\/mosfet-vartai-merf-3-2\/"},"modified":"2025-07-06T15:15:18","modified_gmt":"2025-07-06T12:15:18","slug":"mosfet-vartai-merf-3-2","status":"publish","type":"product","link":"https:\/\/kingarms.ee\/lt\/product\/mosfet-vartai-merf-3-2\/","title":{"rendered":"Mosfet vartai MERF 3.2<br><br>"},"content":{"rendered":"<p><a href=\"https:\/\/kingarms.ee\/wp-content\/uploads\/2019\/07\/1152200760_1-300x204.jpg\"><img loading=\"lazy\" decoding=\"async\" class=\"size-medium wp-image-16834\" src=\"https:\/\/kingarms.ee\/wp-content\/uploads\/2019\/07\/1152200760_1-300x204.jpg\" alt=\"\" width=\"300\" height=\"204\" srcset=\"https:\/\/kingarms.ee\/wp-content\/uploads\/2019\/07\/1152200760_1-300x204.jpg 300w, https:\/\/kingarms.ee\/wp-content\/uploads\/2019\/07\/1152200760_1-150x102.jpg 150w, https:\/\/kingarms.ee\/wp-content\/uploads\/2019\/07\/1152200760_1-500x341.jpg 500w, https:\/\/kingarms.ee\/wp-content\/uploads\/2019\/07\/1152200760_1-768x523.jpg 768w, https:\/\/kingarms.ee\/wp-content\/uploads\/2019\/07\/1152200760_1.jpg 800w\" sizes=\"auto, (max-width: 300px) 100vw, 300px\" \/><\/a><\/p>\n","protected":false},"excerpt":{"rendered":"<p>Mosfet vartai MERF 3.2<\/p>\n<p>MOSFET tre\u010diosios kartos programuojamas trigeris.<\/p>\n<p> Sistema turi 10 funkcij\u0173.<\/p>\n<p> Naujas serijos re\u017eimas leid\u017eia apriboti serijos ilg\u012f.<\/p>\n<p>1. Standartin\u0117 MOSFET funkcija (pa\u0161alina visus nuostolius u\u017edarant mechaninius kontaktus ir apsaugo juos nuo nei\u0161vengiamo degimo.) Akumuliatoriaus energija nukreipiama tiesiai \u012f varikl\u012f.<\/p>\n<p>2. Aktyvus stabdys (neleid\u017eia st\u016bmokliui i\u0161tempti po jud\u0117jimo, St\u016bmoklis visada yra gale, o variklis sustoja i\u0161kart atleidus gaiduk\u0105)<\/p>\n<p>3. Nepakankama Li-Poly \/ Li-Ion \/ LiFePO4 \/ NiCd baterij\u0173 apsauga<\/p>\n<p>4. Apsauga nuo trumpojo jungimo<\/p>\n<p>5. \u0160ilumin\u0117 apsauga<\/p>\n<p>6. Programavimas<\/p>\n<p>7. Gaisro grei\u010dio kontrol\u0117<\/p>\n<p>8. Serijos re\u017eimas<\/p>\n<p>9. Protingas Paleidimas<\/p>\n<p>10. Veiksena:<\/p>\n<p>&#8211; Pagrindinis re\u017eimas.<\/p>\n<p>&#8211; I\u0161pl\u0117stinis re\u017eimas. Paleidimo kontaktai prijungti prie sistemos.<\/p>\n","protected":false},"featured_media":110554,"template":"","meta":{"_acf_changed":false},"product_brand":[],"product_cat":[1250,1221],"product_tag":[],"class_list":{"0":"post-151954","1":"product","2":"type-product","3":"status-publish","4":"has-post-thumbnail","6":"product_cat-derinimas","7":"product_cat-gate-lt","9":"first","10":"onbackorder","11":"taxable","12":"shipping-taxable","13":"product-type-simple"},"acf":[],"_links":{"self":[{"href":"https:\/\/kingarms.ee\/lt\/wp-json\/wp\/v2\/product\/151954","targetHints":{"allow":["GET"]}}],"collection":[{"href":"https:\/\/kingarms.ee\/lt\/wp-json\/wp\/v2\/product"}],"about":[{"href":"https:\/\/kingarms.ee\/lt\/wp-json\/wp\/v2\/types\/product"}],"wp:featuredmedia":[{"embeddable":true,"href":"https:\/\/kingarms.ee\/lt\/wp-json\/wp\/v2\/media\/110554"}],"wp:attachment":[{"href":"https:\/\/kingarms.ee\/lt\/wp-json\/wp\/v2\/media?parent=151954"}],"wp:term":[{"taxonomy":"product_brand","embeddable":true,"href":"https:\/\/kingarms.ee\/lt\/wp-json\/wp\/v2\/product_brand?post=151954"},{"taxonomy":"product_cat","embeddable":true,"href":"https:\/\/kingarms.ee\/lt\/wp-json\/wp\/v2\/product_cat?post=151954"},{"taxonomy":"product_tag","embeddable":true,"href":"https:\/\/kingarms.ee\/lt\/wp-json\/wp\/v2\/product_tag?post=151954"}],"curies":[{"name":"wp","href":"https:\/\/api.w.org\/{rel}","templated":true}]}}