{"id":151955,"date":"2019-07-04T23:40:22","date_gmt":"2025-07-06T12:16:15","guid":{"rendered":"https:\/\/kingarms.ee\/product\/mb4418-3-gerai\/"},"modified":"2025-07-06T15:16:15","modified_gmt":"2025-07-06T12:16:15","slug":"mb4418-3-gerai","status":"publish","type":"product","link":"https:\/\/kingarms.ee\/lt\/product\/mb4418-3-gerai\/","title":{"rendered":"MB4418 &#8211; 3 (Gerai)<br><br>"},"content":{"rendered":"<p><a href=\"https:\/\/kingarms.ee\/wp-content\/uploads\/2019\/07\/FB36093-300x184.jpg\"><img loading=\"lazy\" decoding=\"async\" class=\"alignnone size-medium wp-image-16574\" src=\"https:\/\/kingarms.ee\/wp-content\/uploads\/2019\/07\/FB36093-300x184.jpg\" alt=\"\" width=\"300\" height=\"184\" srcset=\"https:\/\/kingarms.ee\/wp-content\/uploads\/2019\/07\/FB36093-300x184.jpg 300w, https:\/\/kingarms.ee\/wp-content\/uploads\/2019\/07\/FB36093-150x92.jpg 150w, https:\/\/kingarms.ee\/wp-content\/uploads\/2019\/07\/FB36093-500x306.jpg 500w, https:\/\/kingarms.ee\/wp-content\/uploads\/2019\/07\/FB36093-768x470.jpg 768w, https:\/\/kingarms.ee\/wp-content\/uploads\/2019\/07\/FB36093.jpg 800w\" sizes=\"auto, (max-width: 300px) 100vw, 300px\" \/><\/a><\/p>\n","protected":false},"excerpt":{"rendered":"<p>MB4418 &#8211; 3 (Gerai)<\/p>\n<p>Gamintojas: gerai<\/p>\n<p>Modelio numeris: MB4418-3<\/p>\n<p>\u0160audymo greitis: 450 kadr\u0173 per sekund\u0119 (pakeista spyruokl\u0117)<\/p>\n<p>D\u0117klo talpa: 30 rds<\/p>\n<p>Spalva: Juoda<\/p>\n<p>Garantinis laikotarpis: 3 metai<\/p>\n<p>Garantijos tvarkytojas: KingArms<\/p>\n<p>Funkcija:<\/p>\n<p>I\u0161orin\u0117s ginklo dalys pagamintos i\u0161 daugiau metalo.<\/p>\n<p>KeyMod rank\u0173 apsauga<\/p>\n<p>20 &#8220;Picatinny vir\u0161\u0173 gele\u017einkeli\u0173 &amp; amp; 5&#8221; pus\u0117 \/ apa\u010dioje b\u0117giai<\/p>\n<p>Horizontali ir vertikali reguliuojama kaba<\/p>\n<p>Priekiniai ir galiniai tvirtinimo ta\u0161kai ant dir\u017eo<\/p>\n<p>Sulankstoma kaba<\/p>\n<p>Lengvas montavimas \/ i\u0161montavimas<\/p>\n<p><span style=\"color: #ff0000;\">Ginklo svoris: 4300g<\/span><\/p>\n","protected":false},"featured_media":132469,"template":"","meta":{"_acf_changed":false},"product_brand":[],"product_cat":[1141],"product_tag":[],"class_list":{"0":"post-151955","1":"product","2":"type-product","3":"status-publish","4":"has-post-thumbnail","6":"product_cat-snaiperio-sautuvai","8":"first","9":"onbackorder","10":"taxable","11":"shipping-taxable","12":"product-type-simple"},"acf":[],"_links":{"self":[{"href":"https:\/\/kingarms.ee\/lt\/wp-json\/wp\/v2\/product\/151955","targetHints":{"allow":["GET"]}}],"collection":[{"href":"https:\/\/kingarms.ee\/lt\/wp-json\/wp\/v2\/product"}],"about":[{"href":"https:\/\/kingarms.ee\/lt\/wp-json\/wp\/v2\/types\/product"}],"wp:featuredmedia":[{"embeddable":true,"href":"https:\/\/kingarms.ee\/lt\/wp-json\/wp\/v2\/media\/132469"}],"wp:attachment":[{"href":"https:\/\/kingarms.ee\/lt\/wp-json\/wp\/v2\/media?parent=151955"}],"wp:term":[{"taxonomy":"product_brand","embeddable":true,"href":"https:\/\/kingarms.ee\/lt\/wp-json\/wp\/v2\/product_brand?post=151955"},{"taxonomy":"product_cat","embeddable":true,"href":"https:\/\/kingarms.ee\/lt\/wp-json\/wp\/v2\/product_cat?post=151955"},{"taxonomy":"product_tag","embeddable":true,"href":"https:\/\/kingarms.ee\/lt\/wp-json\/wp\/v2\/product_tag?post=151955"}],"curies":[{"name":"wp","href":"https:\/\/api.w.org\/{rel}","templated":true}]}}